{"id":3495,"date":"2026-03-12T00:08:52","date_gmt":"2026-03-11T23:08:52","guid":{"rendered":"http:\/\/antiquariat-steinbach.com\/rarebooks\/produkt\/fuerst-ganzgott-und-saenger-halbgott\/"},"modified":"2026-03-12T00:08:53","modified_gmt":"2026-03-11T23:08:53","slug":"harmos-arnim-achim-von-fuerst-ganzgott-und-saenger-halbgott","status":"publish","type":"product","link":"https:\/\/antiquariat-steinbach.com\/rarebooks\/produkt\/harmos-arnim-achim-von-fuerst-ganzgott-und-saenger-halbgott\/","title":{"rendered":"Harmos &#8211;   Arnim, Achim von: &#8211;  F\u00fcrst Ganzgott und S\u00e4nger Halbgott."},"content":{"rendered":"<p>Wien, Herz-Verlag 1922.<\/p>\n<p>22 : 17 cm. 46 Seiten Mit 4 farbigen Tafeln und 14 Textillustrationen von Karl Harmos. Original-Leinenband.<\/p>\n<p>35,00 EUR<\/p>\n","protected":false},"excerpt":{"rendered":"<p>Erstes Buch der M\u00e4rchenreihe in der Offizin der Gesellschaft f\u00fcr gaphische K\u00fcnste, Wien. &#8211; Einband etwas ausgeblichen.<\/p>\n","protected":false},"featured_media":16797,"template":"","meta":[],"product_brand":[],"product_cat":[29,43,32,914],"product_tag":[],"class_list":{"0":"post-3495","1":"product","2":"type-product","3":"status-publish","4":"has-post-thumbnail","6":"product_cat-20-jahrhundert","7":"product_cat-illustrierte-buecher","8":"product_cat-literatur","9":"product_cat-zvab","11":"first","12":"instock","13":"purchasable","14":"product-type-simple"},"_links":{"self":[{"href":"https:\/\/antiquariat-steinbach.com\/rarebooks\/wp-json\/wp\/v2\/product\/3495","targetHints":{"allow":["GET"]}}],"collection":[{"href":"https:\/\/antiquariat-steinbach.com\/rarebooks\/wp-json\/wp\/v2\/product"}],"about":[{"href":"https:\/\/antiquariat-steinbach.com\/rarebooks\/wp-json\/wp\/v2\/types\/product"}],"version-history":[{"count":3,"href":"https:\/\/antiquariat-steinbach.com\/rarebooks\/wp-json\/wp\/v2\/product\/3495\/revisions"}],"predecessor-version":[{"id":19746,"href":"https:\/\/antiquariat-steinbach.com\/rarebooks\/wp-json\/wp\/v2\/product\/3495\/revisions\/19746"}],"wp:featuredmedia":[{"embeddable":true,"href":"https:\/\/antiquariat-steinbach.com\/rarebooks\/wp-json\/wp\/v2\/media\/16797"}],"wp:attachment":[{"href":"https:\/\/antiquariat-steinbach.com\/rarebooks\/wp-json\/wp\/v2\/media?parent=3495"}],"wp:term":[{"taxonomy":"product_brand","embeddable":true,"href":"https:\/\/antiquariat-steinbach.com\/rarebooks\/wp-json\/wp\/v2\/product_brand?post=3495"},{"taxonomy":"product_cat","embeddable":true,"href":"https:\/\/antiquariat-steinbach.com\/rarebooks\/wp-json\/wp\/v2\/product_cat?post=3495"},{"taxonomy":"product_tag","embeddable":true,"href":"https:\/\/antiquariat-steinbach.com\/rarebooks\/wp-json\/wp\/v2\/product_tag?post=3495"}],"curies":[{"name":"wp","href":"https:\/\/api.w.org\/{rel}","templated":true}]}}