{"id":3493,"date":"2026-03-12T00:22:22","date_gmt":"2026-03-11T23:22:22","guid":{"rendered":"http:\/\/antiquariat-steinbach.com\/rarebooks\/produkt\/harlekinade\/"},"modified":"2026-03-12T00:22:22","modified_gmt":"2026-03-11T23:22:22","slug":"schoff-harlekinade","status":"publish","type":"product","link":"https:\/\/antiquariat-steinbach.com\/rarebooks\/produkt\/schoff-harlekinade\/","title":{"rendered":"Schoff &#8211;   Harlekinade."},"content":{"rendered":"<p>Berlin, Kgl. Kunstgewerbemuseum 1912.<\/p>\n<p>25 : 21,5 cm. 4 Blatt mit 12 ganzseitigen Original-Lithographien (inkl. Umschlag) von Otto Schoff, Bernhard Hasler und Freyberg.. Illustrierter Original-Umschlag mit Kordelbindung.<\/p>\n<p>1200,00 EUR<\/p>\n","protected":false},"excerpt":{"rendered":"<p>Komplett lithographiertes, als Blockbuch gebundenes, Programmheft zu einem Kost\u00fcmfest der Studierenden der Graphikklasse mit Original-Lithographien von Otto Schoff, Bernhard Hasler und Freyberg illustriert. Unter den jungen K\u00fcnstlern finden sich sp\u00e4ter ber\u00fchmt gewordene Namen wie der Maler und Zeichner Otto Schoff, der sp\u00e4tere Filmarchitekt und Kost\u00fcmbildner der &#8222;Ufa&#8220; Bernhard Hassler, sowie der K\u00fcnstler Freyberg,  Direktor des k\u00f6niglichen Berliner Kunstgewerbemuseums war damals der Zeichner und Architekt Bruno Paul, Leiter der Klasse f\u00fcr fig\u00fcrliches Zeichnen, Grafik und Illustration war Prof. Emil Orlik. Die Lithographie auf dem Umschlag mit Farbstift handkoloriert. Wohl nur in kleinster Auflage gedruckt.<\/p>\n","protected":false},"featured_media":15450,"template":"","meta":[],"product_brand":[],"product_cat":[29,43,914],"product_tag":[],"class_list":{"0":"post-3493","1":"product","2":"type-product","3":"status-publish","4":"has-post-thumbnail","6":"product_cat-20-jahrhundert","7":"product_cat-illustrierte-buecher","8":"product_cat-zvab","10":"first","11":"instock","12":"purchasable","13":"product-type-simple"},"_links":{"self":[{"href":"https:\/\/antiquariat-steinbach.com\/rarebooks\/wp-json\/wp\/v2\/product\/3493","targetHints":{"allow":["GET"]}}],"collection":[{"href":"https:\/\/antiquariat-steinbach.com\/rarebooks\/wp-json\/wp\/v2\/product"}],"about":[{"href":"https:\/\/antiquariat-steinbach.com\/rarebooks\/wp-json\/wp\/v2\/types\/product"}],"version-history":[{"count":3,"href":"https:\/\/antiquariat-steinbach.com\/rarebooks\/wp-json\/wp\/v2\/product\/3493\/revisions"}],"predecessor-version":[{"id":27507,"href":"https:\/\/antiquariat-steinbach.com\/rarebooks\/wp-json\/wp\/v2\/product\/3493\/revisions\/27507"}],"wp:featuredmedia":[{"embeddable":true,"href":"https:\/\/antiquariat-steinbach.com\/rarebooks\/wp-json\/wp\/v2\/media\/15450"}],"wp:attachment":[{"href":"https:\/\/antiquariat-steinbach.com\/rarebooks\/wp-json\/wp\/v2\/media?parent=3493"}],"wp:term":[{"taxonomy":"product_brand","embeddable":true,"href":"https:\/\/antiquariat-steinbach.com\/rarebooks\/wp-json\/wp\/v2\/product_brand?post=3493"},{"taxonomy":"product_cat","embeddable":true,"href":"https:\/\/antiquariat-steinbach.com\/rarebooks\/wp-json\/wp\/v2\/product_cat?post=3493"},{"taxonomy":"product_tag","embeddable":true,"href":"https:\/\/antiquariat-steinbach.com\/rarebooks\/wp-json\/wp\/v2\/product_tag?post=3493"}],"curies":[{"name":"wp","href":"https:\/\/api.w.org\/{rel}","templated":true}]}}