{"id":3469,"date":"2026-03-12T00:08:50","date_gmt":"2026-03-11T23:08:50","guid":{"rendered":"http:\/\/antiquariat-steinbach.com\/rarebooks\/produkt\/kochbuch-fuer-theresia-steiner\/"},"modified":"2026-03-12T00:08:51","modified_gmt":"2026-03-11T23:08:51","slug":"handschrift-steiner-theresia-kochbuch-fuer-theresia-steiner","status":"publish","type":"product","link":"https:\/\/antiquariat-steinbach.com\/rarebooks\/produkt\/handschrift-steiner-theresia-kochbuch-fuer-theresia-steiner\/","title":{"rendered":"Handschrift &#8211;   Steiner, Theresia: &#8211;  Kochbuch f\u00fcr Theresia Steiner."},"content":{"rendered":"<p>\u00d6sterreich, o.J. (ca. 1900).<\/p>\n<p>23 : 14 cm. 7 beschriebene Blatt, ca. 200 leere Blatt Original-Leinenband mit Blindpr\u00e4gung.<\/p>\n<p>60,00 EUR<\/p>\n","protected":false},"excerpt":{"rendered":"<p>Mit 25 Rezepten, darunter Wein-Suppe, Fridatten feinster Art, Blaues und rothes Kraut, feiner Kaiserschmarrn, Griesschmarn mit und ohne Eier. &#8211; Eintr\u00e4ge in ein gr\u00f6\u00dferes Notizbuch mit seitlicher Halterung f\u00fcr einen Bleistift.<\/p>\n","protected":false},"featured_media":0,"template":"","meta":[],"product_brand":[],"product_cat":[58,112,914],"product_tag":[],"class_list":{"0":"post-3469","1":"product","2":"type-product","3":"status-publish","5":"product_cat-gastronomie","6":"product_cat-kochbuecher","7":"product_cat-zvab","9":"first","10":"instock","11":"purchasable","12":"product-type-simple"},"_links":{"self":[{"href":"https:\/\/antiquariat-steinbach.com\/rarebooks\/wp-json\/wp\/v2\/product\/3469","targetHints":{"allow":["GET"]}}],"collection":[{"href":"https:\/\/antiquariat-steinbach.com\/rarebooks\/wp-json\/wp\/v2\/product"}],"about":[{"href":"https:\/\/antiquariat-steinbach.com\/rarebooks\/wp-json\/wp\/v2\/types\/product"}],"version-history":[{"count":3,"href":"https:\/\/antiquariat-steinbach.com\/rarebooks\/wp-json\/wp\/v2\/product\/3469\/revisions"}],"predecessor-version":[{"id":19736,"href":"https:\/\/antiquariat-steinbach.com\/rarebooks\/wp-json\/wp\/v2\/product\/3469\/revisions\/19736"}],"wp:attachment":[{"href":"https:\/\/antiquariat-steinbach.com\/rarebooks\/wp-json\/wp\/v2\/media?parent=3469"}],"wp:term":[{"taxonomy":"product_brand","embeddable":true,"href":"https:\/\/antiquariat-steinbach.com\/rarebooks\/wp-json\/wp\/v2\/product_brand?post=3469"},{"taxonomy":"product_cat","embeddable":true,"href":"https:\/\/antiquariat-steinbach.com\/rarebooks\/wp-json\/wp\/v2\/product_cat?post=3469"},{"taxonomy":"product_tag","embeddable":true,"href":"https:\/\/antiquariat-steinbach.com\/rarebooks\/wp-json\/wp\/v2\/product_tag?post=3469"}],"curies":[{"name":"wp","href":"https:\/\/api.w.org\/{rel}","templated":true}]}}