{"id":3455,"date":"2026-03-12T00:08:50","date_gmt":"2026-03-11T23:08:50","guid":{"rendered":"http:\/\/antiquariat-steinbach.com\/rarebooks\/produkt\/handels-korrespondenz\/"},"modified":"2026-03-12T00:08:51","modified_gmt":"2026-03-11T23:08:51","slug":"handels-korrespondez-puntigam-adele-handels-korrespondenz","status":"publish","type":"product","link":"https:\/\/antiquariat-steinbach.com\/rarebooks\/produkt\/handels-korrespondez-puntigam-adele-handels-korrespondenz\/","title":{"rendered":"Handels-Korrespondez   Puntigam, Adele. &#8211;  Handels-Korrespondenz."},"content":{"rendered":"<p>Wien, Weiss, 1907.<\/p>\n<p>28,5 : 22,5 cm. Illustrierter Original-Leinenband.<\/p>\n<p>60,00 EUR<\/p>\n","protected":false},"excerpt":{"rendered":"<p>Handels.Korresponden-Buch der Sch\u00fcllerin Adele Puntigam der Klasse 1A. Enth\u00e4lt  Korrespondenz f\u00fcr alle gesch\u00e4ftlichen Anl\u00e4sse, sorgf\u00e4ltig geschrieben.<\/p>\n","protected":false},"featured_media":16787,"template":"","meta":[],"product_brand":[],"product_cat":[597,598,535,56,182,914],"product_tag":[],"class_list":{"0":"post-3455","1":"product","2":"type-product","3":"status-publish","4":"has-post-thumbnail","6":"product_cat-briefe","7":"product_cat-briefsteller","8":"product_cat-briefwechsel","9":"product_cat-handel","10":"product_cat-paedagogik","11":"product_cat-zvab","13":"first","14":"instock","15":"purchasable","16":"product-type-simple"},"_links":{"self":[{"href":"https:\/\/antiquariat-steinbach.com\/rarebooks\/wp-json\/wp\/v2\/product\/3455","targetHints":{"allow":["GET"]}}],"collection":[{"href":"https:\/\/antiquariat-steinbach.com\/rarebooks\/wp-json\/wp\/v2\/product"}],"about":[{"href":"https:\/\/antiquariat-steinbach.com\/rarebooks\/wp-json\/wp\/v2\/types\/product"}],"version-history":[{"count":3,"href":"https:\/\/antiquariat-steinbach.com\/rarebooks\/wp-json\/wp\/v2\/product\/3455\/revisions"}],"predecessor-version":[{"id":19732,"href":"https:\/\/antiquariat-steinbach.com\/rarebooks\/wp-json\/wp\/v2\/product\/3455\/revisions\/19732"}],"wp:featuredmedia":[{"embeddable":true,"href":"https:\/\/antiquariat-steinbach.com\/rarebooks\/wp-json\/wp\/v2\/media\/16787"}],"wp:attachment":[{"href":"https:\/\/antiquariat-steinbach.com\/rarebooks\/wp-json\/wp\/v2\/media?parent=3455"}],"wp:term":[{"taxonomy":"product_brand","embeddable":true,"href":"https:\/\/antiquariat-steinbach.com\/rarebooks\/wp-json\/wp\/v2\/product_brand?post=3455"},{"taxonomy":"product_cat","embeddable":true,"href":"https:\/\/antiquariat-steinbach.com\/rarebooks\/wp-json\/wp\/v2\/product_cat?post=3455"},{"taxonomy":"product_tag","embeddable":true,"href":"https:\/\/antiquariat-steinbach.com\/rarebooks\/wp-json\/wp\/v2\/product_tag?post=3455"}],"curies":[{"name":"wp","href":"https:\/\/api.w.org\/{rel}","templated":true}]}}