{"id":3453,"date":"2026-03-12T00:08:50","date_gmt":"2026-03-11T23:08:50","guid":{"rendered":"http:\/\/antiquariat-steinbach.com\/rarebooks\/produkt\/preis-tarif-staedtischer-2\/"},"modified":"2026-03-12T00:08:51","modified_gmt":"2026-03-11T23:08:51","slug":"handel-preis-tarif-staedtischer-2","status":"publish","type":"product","link":"https:\/\/antiquariat-steinbach.com\/rarebooks\/produkt\/handel-preis-tarif-staedtischer-2\/","title":{"rendered":"Handel &#8211;   Preis-Tarif, St\u00e4dtischer."},"content":{"rendered":"<p>Wien, 1912.<\/p>\n<p>Band 2 (von 2). 34 : 21 cm. Original-Halblederband.<\/p>\n<p>70,00 EUR<\/p>\n","protected":false},"excerpt":{"rendered":"<p>Interessantes Preisverzeichnis f\u00fcr die von der Gemeindeverwaltung bestellten Arbeiten und Lieferungen. Der vorliegende Band enth\u00e4lt die Preise f\u00fcr verschiedene Arbeiten und Lieferungen z.B. Rauchfangkehrerarbeiten, Schultafellieferung, Buchbinderarbeiten, Buchdruckerarbeiten, Schumacherarbeiten u.v.m. So wurde z.B. f\u00fcr das Binden eines Bandes in Safianleder 1,40 Kronen bezahlt, 20 Heller mehr als 8 Jahre davor. &#8211; Vorsatzblatt und Titel gestempelt &#8218;Amts-Exemplar&#8216;.<\/p>\n","protected":false},"featured_media":16786,"template":"","meta":[],"product_brand":[],"product_cat":[71,59,90,914],"product_tag":[],"class_list":{"0":"post-3453","1":"product","2":"type-product","3":"status-publish","4":"has-post-thumbnail","6":"product_cat-austriaca","7":"product_cat-kulturgeschichte","8":"product_cat-viennensia","9":"product_cat-zvab","11":"first","12":"instock","13":"purchasable","14":"product-type-simple"},"_links":{"self":[{"href":"https:\/\/antiquariat-steinbach.com\/rarebooks\/wp-json\/wp\/v2\/product\/3453","targetHints":{"allow":["GET"]}}],"collection":[{"href":"https:\/\/antiquariat-steinbach.com\/rarebooks\/wp-json\/wp\/v2\/product"}],"about":[{"href":"https:\/\/antiquariat-steinbach.com\/rarebooks\/wp-json\/wp\/v2\/types\/product"}],"version-history":[{"count":4,"href":"https:\/\/antiquariat-steinbach.com\/rarebooks\/wp-json\/wp\/v2\/product\/3453\/revisions"}],"predecessor-version":[{"id":24303,"href":"https:\/\/antiquariat-steinbach.com\/rarebooks\/wp-json\/wp\/v2\/product\/3453\/revisions\/24303"}],"wp:featuredmedia":[{"embeddable":true,"href":"https:\/\/antiquariat-steinbach.com\/rarebooks\/wp-json\/wp\/v2\/media\/16786"}],"wp:attachment":[{"href":"https:\/\/antiquariat-steinbach.com\/rarebooks\/wp-json\/wp\/v2\/media?parent=3453"}],"wp:term":[{"taxonomy":"product_brand","embeddable":true,"href":"https:\/\/antiquariat-steinbach.com\/rarebooks\/wp-json\/wp\/v2\/product_brand?post=3453"},{"taxonomy":"product_cat","embeddable":true,"href":"https:\/\/antiquariat-steinbach.com\/rarebooks\/wp-json\/wp\/v2\/product_cat?post=3453"},{"taxonomy":"product_tag","embeddable":true,"href":"https:\/\/antiquariat-steinbach.com\/rarebooks\/wp-json\/wp\/v2\/product_tag?post=3453"}],"curies":[{"name":"wp","href":"https:\/\/api.w.org\/{rel}","templated":true}]}}