{"id":3451,"date":"2026-03-12T00:08:50","date_gmt":"2026-03-11T23:08:50","guid":{"rendered":"http:\/\/antiquariat-steinbach.com\/rarebooks\/produkt\/preis-tarif-staedtischer\/"},"modified":"2026-03-12T00:08:51","modified_gmt":"2026-03-11T23:08:51","slug":"handel-preis-tarif-staedtischer","status":"publish","type":"product","link":"https:\/\/antiquariat-steinbach.com\/rarebooks\/produkt\/handel-preis-tarif-staedtischer\/","title":{"rendered":"Handel &#8211;   Preis-Tarif, St\u00e4dtischer."},"content":{"rendered":"<p>Wien, 1904.<\/p>\n<p>2 B\u00e4nde. 34 : 21 cm. Halbleinenb\u00e4nde.<\/p>\n<p>95,00 EUR<\/p>\n","protected":false},"excerpt":{"rendered":"<p>Interessantes Preisverzeichnis f\u00fcr die von der Gemeindeverwaltung bestellten Arbeiten und Lieferungen. Teil 1 beinhaltet die Preise f\u00fcr s\u00e4mtliche Arbeiten des Baugewerbes, Teil 2 die Preise f\u00fcr verschiedene Arbeiten und Lieferungen z.B. Rauchfangkehrerarbeiten, Schultafellieferung, Buchbinderarbeiten, Buchdruckerarbeiten, Schumacherarbeiten u.v.m. So wurde z.B. f\u00fcr das Binden eines Bandes in Safianleder 1,20 Kronen bezahlt. &#8211; R\u00fcckdeckel und letzte Blatt von Band 1 etwas gewellt.<\/p>\n","protected":false},"featured_media":16785,"template":"","meta":[],"product_brand":[],"product_cat":[71,59,90,914],"product_tag":[],"class_list":{"0":"post-3451","1":"product","2":"type-product","3":"status-publish","4":"has-post-thumbnail","6":"product_cat-austriaca","7":"product_cat-kulturgeschichte","8":"product_cat-viennensia","9":"product_cat-zvab","11":"first","12":"instock","13":"purchasable","14":"product-type-simple"},"_links":{"self":[{"href":"https:\/\/antiquariat-steinbach.com\/rarebooks\/wp-json\/wp\/v2\/product\/3451","targetHints":{"allow":["GET"]}}],"collection":[{"href":"https:\/\/antiquariat-steinbach.com\/rarebooks\/wp-json\/wp\/v2\/product"}],"about":[{"href":"https:\/\/antiquariat-steinbach.com\/rarebooks\/wp-json\/wp\/v2\/types\/product"}],"version-history":[{"count":3,"href":"https:\/\/antiquariat-steinbach.com\/rarebooks\/wp-json\/wp\/v2\/product\/3451\/revisions"}],"predecessor-version":[{"id":19730,"href":"https:\/\/antiquariat-steinbach.com\/rarebooks\/wp-json\/wp\/v2\/product\/3451\/revisions\/19730"}],"wp:featuredmedia":[{"embeddable":true,"href":"https:\/\/antiquariat-steinbach.com\/rarebooks\/wp-json\/wp\/v2\/media\/16785"}],"wp:attachment":[{"href":"https:\/\/antiquariat-steinbach.com\/rarebooks\/wp-json\/wp\/v2\/media?parent=3451"}],"wp:term":[{"taxonomy":"product_brand","embeddable":true,"href":"https:\/\/antiquariat-steinbach.com\/rarebooks\/wp-json\/wp\/v2\/product_brand?post=3451"},{"taxonomy":"product_cat","embeddable":true,"href":"https:\/\/antiquariat-steinbach.com\/rarebooks\/wp-json\/wp\/v2\/product_cat?post=3451"},{"taxonomy":"product_tag","embeddable":true,"href":"https:\/\/antiquariat-steinbach.com\/rarebooks\/wp-json\/wp\/v2\/product_tag?post=3451"}],"curies":[{"name":"wp","href":"https:\/\/api.w.org\/{rel}","templated":true}]}}