{"id":3427,"date":"2026-03-12T00:08:48","date_gmt":"2026-03-11T23:08:48","guid":{"rendered":"http:\/\/antiquariat-steinbach.com\/rarebooks\/produkt\/hamburg-leporello-mit-16-photographischen-ansichten\/"},"modified":"2026-03-12T00:08:49","modified_gmt":"2026-03-11T23:08:49","slug":"hamburg-hamburg-leporello-mit-16-photographischen-ansichten","status":"publish","type":"product","link":"https:\/\/antiquariat-steinbach.com\/rarebooks\/produkt\/hamburg-hamburg-leporello-mit-16-photographischen-ansichten\/","title":{"rendered":"Hamburg &#8211;   Hamburg. Leporello mit 16 photographischen Ansichten"},"content":{"rendered":"<p>O.O. ca. 1890.<\/p>\n<p>11 : 16 cm. Mit 16 photolithographischen Ansichten. Original Leinenband.<\/p>\n<p>35,00 EUR<\/p>\n","protected":false},"excerpt":{"rendered":"<p>Mit einer doppelblattgro\u00dfen Gesamtansicht, ferner Ansichten von der Lombardsbr\u00fccke, der alte Jungfernstieg, die Alster-ARkaden, Hamburger Hof, Stadtheater, B\u00f6rse, Rathaus, Alsterpavilon, Kunsthalle, Hafen etc.<\/p>\n","protected":false},"featured_media":0,"template":"","meta":[],"product_brand":[],"product_cat":[74,106,914],"product_tag":[],"class_list":{"0":"post-3427","1":"product","2":"type-product","3":"status-publish","5":"product_cat-deutschland","6":"product_cat-photographie","7":"product_cat-zvab","9":"first","10":"instock","11":"purchasable","12":"product-type-simple"},"_links":{"self":[{"href":"https:\/\/antiquariat-steinbach.com\/rarebooks\/wp-json\/wp\/v2\/product\/3427","targetHints":{"allow":["GET"]}}],"collection":[{"href":"https:\/\/antiquariat-steinbach.com\/rarebooks\/wp-json\/wp\/v2\/product"}],"about":[{"href":"https:\/\/antiquariat-steinbach.com\/rarebooks\/wp-json\/wp\/v2\/types\/product"}],"version-history":[{"count":3,"href":"https:\/\/antiquariat-steinbach.com\/rarebooks\/wp-json\/wp\/v2\/product\/3427\/revisions"}],"predecessor-version":[{"id":19717,"href":"https:\/\/antiquariat-steinbach.com\/rarebooks\/wp-json\/wp\/v2\/product\/3427\/revisions\/19717"}],"wp:attachment":[{"href":"https:\/\/antiquariat-steinbach.com\/rarebooks\/wp-json\/wp\/v2\/media?parent=3427"}],"wp:term":[{"taxonomy":"product_brand","embeddable":true,"href":"https:\/\/antiquariat-steinbach.com\/rarebooks\/wp-json\/wp\/v2\/product_brand?post=3427"},{"taxonomy":"product_cat","embeddable":true,"href":"https:\/\/antiquariat-steinbach.com\/rarebooks\/wp-json\/wp\/v2\/product_cat?post=3427"},{"taxonomy":"product_tag","embeddable":true,"href":"https:\/\/antiquariat-steinbach.com\/rarebooks\/wp-json\/wp\/v2\/product_tag?post=3427"}],"curies":[{"name":"wp","href":"https:\/\/api.w.org\/{rel}","templated":true}]}}