{"id":3365,"date":"2026-03-12T00:08:41","date_gmt":"2026-03-11T23:08:41","guid":{"rendered":"http:\/\/antiquariat-steinbach.com\/rarebooks\/produkt\/guter-einkauf-gesunde-kost-bewaehrte-rezepte-fuer-gemuese-salate-fleisch-fisch-kartoffel-obst-huelsenfruechte-eier-u\/"},"modified":"2026-03-12T00:08:42","modified_gmt":"2026-03-11T23:08:42","slug":"gut-kochen-gut-wirtschaften-guter-einkauf-gesunde-kost-bewaehrte-rezepte-fuer-gemuese-salate-fleisch-fisch-kartoffel-obst-huelsenfruechte-eier-u","status":"publish","type":"product","link":"https:\/\/antiquariat-steinbach.com\/rarebooks\/produkt\/gut-kochen-gut-wirtschaften-guter-einkauf-gesunde-kost-bewaehrte-rezepte-fuer-gemuese-salate-fleisch-fisch-kartoffel-obst-huelsenfruechte-eier-u\/","title":{"rendered":"Gut kochen! Gut wirtschaften!: &#8211;  Guter Einkauf, Gesunde Kost, bew\u00e4hrte Rezepte f\u00fcr: Gem\u00fcse, Salate, Fleisch, Fisch, Kartoffel, Obst, H\u00fclsenfr\u00fcchte, Eier u."},"content":{"rendered":"<p>Leipzig, Beyer o.J. (um 1940).<\/p>\n<p>26,5 : 17 cm. 32 Seiten mit vielen Abbildungen. Illustrierte Original-Broschur.<\/p>\n<p>15,00 EUR<\/p>\n","protected":false},"excerpt":{"rendered":"<p>Leipzig, Beyer o.J. (um 1940). 26,5 : 17 cm. 32 Seiten mit vielen Abbildungen. Illustrierte Original-Broschur. 15,00 EUR<\/p>\n","protected":false},"featured_media":0,"template":"","meta":[],"product_brand":[],"product_cat":[58,112,914],"product_tag":[],"class_list":{"0":"post-3365","1":"product","2":"type-product","3":"status-publish","5":"product_cat-gastronomie","6":"product_cat-kochbuecher","7":"product_cat-zvab","9":"first","10":"instock","11":"purchasable","12":"product-type-simple"},"_links":{"self":[{"href":"https:\/\/antiquariat-steinbach.com\/rarebooks\/wp-json\/wp\/v2\/product\/3365","targetHints":{"allow":["GET"]}}],"collection":[{"href":"https:\/\/antiquariat-steinbach.com\/rarebooks\/wp-json\/wp\/v2\/product"}],"about":[{"href":"https:\/\/antiquariat-steinbach.com\/rarebooks\/wp-json\/wp\/v2\/types\/product"}],"version-history":[{"count":3,"href":"https:\/\/antiquariat-steinbach.com\/rarebooks\/wp-json\/wp\/v2\/product\/3365\/revisions"}],"predecessor-version":[{"id":19681,"href":"https:\/\/antiquariat-steinbach.com\/rarebooks\/wp-json\/wp\/v2\/product\/3365\/revisions\/19681"}],"wp:attachment":[{"href":"https:\/\/antiquariat-steinbach.com\/rarebooks\/wp-json\/wp\/v2\/media?parent=3365"}],"wp:term":[{"taxonomy":"product_brand","embeddable":true,"href":"https:\/\/antiquariat-steinbach.com\/rarebooks\/wp-json\/wp\/v2\/product_brand?post=3365"},{"taxonomy":"product_cat","embeddable":true,"href":"https:\/\/antiquariat-steinbach.com\/rarebooks\/wp-json\/wp\/v2\/product_cat?post=3365"},{"taxonomy":"product_tag","embeddable":true,"href":"https:\/\/antiquariat-steinbach.com\/rarebooks\/wp-json\/wp\/v2\/product_tag?post=3365"}],"curies":[{"name":"wp","href":"https:\/\/api.w.org\/{rel}","templated":true}]}}