{"id":3327,"date":"2026-03-12T00:08:37","date_gmt":"2026-03-11T23:08:37","guid":{"rendered":"http:\/\/antiquariat-steinbach.com\/rarebooks\/produkt\/lieder-zweier-liebenden\/"},"modified":"2026-03-12T00:08:39","modified_gmt":"2026-03-11T23:08:39","slug":"guenther-von-goeckingk-leopold-friedrich-lieder-zweier-liebenden","status":"publish","type":"product","link":"https:\/\/antiquariat-steinbach.com\/rarebooks\/produkt\/guenther-von-goeckingk-leopold-friedrich-lieder-zweier-liebenden\/","title":{"rendered":"G\u00fcnther von G\u00f6ckingk, Leopold Friedrich. &#8211;  Lieder zweier Liebenden."},"content":{"rendered":"<p>Stuttgart,  St\u00e4hle &#038; Friedel,  1924.<\/p>\n<p>27 : 20 cm. 37 Seiten, 1 Blatt. Original-Halbpergamentband, Kopfgoldschnitt.<\/p>\n<p>40,00 EUR<\/p>\n","protected":false},"excerpt":{"rendered":"<p>Eines von nur 200 nummerierten Exemplaren. Handpressendruck auf deutschen B\u00fctten. &#8211; 1. Phaidon-Druck, herausgegeben von Ludwig Goldschneider.<\/p>\n","protected":false},"featured_media":0,"template":"","meta":[],"product_brand":[],"product_cat":[29,32,494,46,914],"product_tag":[],"class_list":{"0":"post-3327","1":"product","2":"type-product","3":"status-publish","5":"product_cat-20-jahrhundert","6":"product_cat-literatur","7":"product_cat-pressendr-mod","8":"product_cat-pressendrucke","9":"product_cat-zvab","11":"first","12":"instock","13":"purchasable","14":"product-type-simple"},"_links":{"self":[{"href":"https:\/\/antiquariat-steinbach.com\/rarebooks\/wp-json\/wp\/v2\/product\/3327","targetHints":{"allow":["GET"]}}],"collection":[{"href":"https:\/\/antiquariat-steinbach.com\/rarebooks\/wp-json\/wp\/v2\/product"}],"about":[{"href":"https:\/\/antiquariat-steinbach.com\/rarebooks\/wp-json\/wp\/v2\/types\/product"}],"version-history":[{"count":3,"href":"https:\/\/antiquariat-steinbach.com\/rarebooks\/wp-json\/wp\/v2\/product\/3327\/revisions"}],"predecessor-version":[{"id":19665,"href":"https:\/\/antiquariat-steinbach.com\/rarebooks\/wp-json\/wp\/v2\/product\/3327\/revisions\/19665"}],"wp:attachment":[{"href":"https:\/\/antiquariat-steinbach.com\/rarebooks\/wp-json\/wp\/v2\/media?parent=3327"}],"wp:term":[{"taxonomy":"product_brand","embeddable":true,"href":"https:\/\/antiquariat-steinbach.com\/rarebooks\/wp-json\/wp\/v2\/product_brand?post=3327"},{"taxonomy":"product_cat","embeddable":true,"href":"https:\/\/antiquariat-steinbach.com\/rarebooks\/wp-json\/wp\/v2\/product_cat?post=3327"},{"taxonomy":"product_tag","embeddable":true,"href":"https:\/\/antiquariat-steinbach.com\/rarebooks\/wp-json\/wp\/v2\/product_tag?post=3327"}],"curies":[{"name":"wp","href":"https:\/\/api.w.org\/{rel}","templated":true}]}}