{"id":3279,"date":"2026-03-12T00:10:47","date_gmt":"2026-03-11T23:10:47","guid":{"rendered":"http:\/\/antiquariat-steinbach.com\/rarebooks\/produkt\/der-guertel\/"},"modified":"2026-03-12T00:10:47","modified_gmt":"2026-03-11T23:10:47","slug":"il-grossmann-glaz-dietrich-von-der-guertel","status":"publish","type":"product","link":"https:\/\/antiquariat-steinbach.com\/rarebooks\/produkt\/il-grossmann-glaz-dietrich-von-der-guertel\/","title":{"rendered":"IL &#8211; Grossmann &#8211;   Glaz, Dietrich von: &#8211;  Der G\u00fcrtel."},"content":{"rendered":"<p>M\u00fcnchen, Phantasus-Verlag (1921).<\/p>\n<p>29,5 : 22,5 cm. 30 Blatt mit 10 monogrammierten, kolorierten Original-Lithographien und wiederholten kolorierten Texteinfassungen von Rudolf Grossmann. Privater Halbpergamentband mit farbigem R\u00fcckenschild.<\/p>\n<p>260,00 EUR<\/p>\n","protected":false},"excerpt":{"rendered":"<p>Eines von 200 numerierten Exemplaren der einmaligen Auflage. Druckvermerk vom K\u00fcnstler signiert. Die ganzseitigen Lithographien entgegen dem Druckvermerk auch monogrammiert. Dritter Druck der Phantasus-Presse. \u00dcbertragen von R. Zoozmann, den Text schrieb E.R. Vogenauer. Die Exemplare 101 bis 200 erschienen in einem Interimseinband, der Vorbesitzer lie\u00df sich diese Exemplar in Halbpergament binden, es ist unbeschnitten und daher im Format gr\u00f6\u00dfer, als die vom Verlag gebundene Exemplare 51 &#8211; 100. &#8211; Letzte Lage gering gebr\u00e4unt, sonst sch\u00f6nes Exemplar. &#8211; Rodenberg 457; Hay-Got. IX, 238.<\/p>\n","protected":false},"featured_media":16758,"template":"","meta":[],"product_brand":[],"product_cat":[29,43,914],"product_tag":[],"class_list":{"0":"post-3279","1":"product","2":"type-product","3":"status-publish","4":"has-post-thumbnail","6":"product_cat-20-jahrhundert","7":"product_cat-illustrierte-buecher","8":"product_cat-zvab","10":"first","11":"instock","12":"purchasable","13":"product-type-simple"},"_links":{"self":[{"href":"https:\/\/antiquariat-steinbach.com\/rarebooks\/wp-json\/wp\/v2\/product\/3279","targetHints":{"allow":["GET"]}}],"collection":[{"href":"https:\/\/antiquariat-steinbach.com\/rarebooks\/wp-json\/wp\/v2\/product"}],"about":[{"href":"https:\/\/antiquariat-steinbach.com\/rarebooks\/wp-json\/wp\/v2\/types\/product"}],"version-history":[{"count":4,"href":"https:\/\/antiquariat-steinbach.com\/rarebooks\/wp-json\/wp\/v2\/product\/3279\/revisions"}],"predecessor-version":[{"id":28753,"href":"https:\/\/antiquariat-steinbach.com\/rarebooks\/wp-json\/wp\/v2\/product\/3279\/revisions\/28753"}],"wp:featuredmedia":[{"embeddable":true,"href":"https:\/\/antiquariat-steinbach.com\/rarebooks\/wp-json\/wp\/v2\/media\/16758"}],"wp:attachment":[{"href":"https:\/\/antiquariat-steinbach.com\/rarebooks\/wp-json\/wp\/v2\/media?parent=3279"}],"wp:term":[{"taxonomy":"product_brand","embeddable":true,"href":"https:\/\/antiquariat-steinbach.com\/rarebooks\/wp-json\/wp\/v2\/product_brand?post=3279"},{"taxonomy":"product_cat","embeddable":true,"href":"https:\/\/antiquariat-steinbach.com\/rarebooks\/wp-json\/wp\/v2\/product_cat?post=3279"},{"taxonomy":"product_tag","embeddable":true,"href":"https:\/\/antiquariat-steinbach.com\/rarebooks\/wp-json\/wp\/v2\/product_tag?post=3279"}],"curies":[{"name":"wp","href":"https:\/\/api.w.org\/{rel}","templated":true}]}}