{"id":3269,"date":"2026-03-12T00:08:33","date_gmt":"2026-03-11T23:08:33","guid":{"rendered":"http:\/\/antiquariat-steinbach.com\/rarebooks\/produkt\/drei-aufsaetze-ueber-den-inneren-konflikt\/"},"modified":"2026-03-12T00:08:35","modified_gmt":"2026-03-11T23:08:35","slug":"gross-otto-drei-aufsaetze-ueber-den-inneren-konflikt","status":"publish","type":"product","link":"https:\/\/antiquariat-steinbach.com\/rarebooks\/produkt\/gross-otto-drei-aufsaetze-ueber-den-inneren-konflikt\/","title":{"rendered":"Gro\u00df, Otto. &#8211;  Drei Aufs\u00e4tze \u00fcber den inneren Konflikt."},"content":{"rendered":"<p>Bonn, Marcus &#038; Webers Verlag, 1920.<\/p>\n<p>26,5 : 17 cm. 39 pages, 5 leaves advertising. Original wrappers.<\/p>\n<p>125,00 EUR<\/p>\n","protected":false},"excerpt":{"rendered":"<p>Otto Hans Adolf Gross (1877-1920) was an Austrian psychiatrist and psychoanalist. His thesis was that the &#8218;inner conflicts&#8216; are due to functional disturbance of the soul. The three articles are titled: &#8222;\u00dcber Konflikt und Bezeihung&#8220;, &#8222;\u00dcber Einsamkeit&#8220; and &#8222;Beitrag zum Problem des Wahns&#8220;. &#8211; Published in: Abhandlungen aus dem Gebiete der Sexualforschung, volume II, issue 3, 1919\/20.<\/p>\n","protected":false},"featured_media":0,"template":"","meta":[],"product_brand":[],"product_cat":[71,179,528,196,914],"product_tag":[],"class_list":{"0":"post-3269","1":"product","2":"type-product","3":"status-publish","5":"product_cat-austriaca","6":"product_cat-medizin","7":"product_cat-psychoanalyse","8":"product_cat-psychologie","9":"product_cat-zvab","11":"first","12":"instock","13":"purchasable","14":"product-type-simple"},"_links":{"self":[{"href":"https:\/\/antiquariat-steinbach.com\/rarebooks\/wp-json\/wp\/v2\/product\/3269","targetHints":{"allow":["GET"]}}],"collection":[{"href":"https:\/\/antiquariat-steinbach.com\/rarebooks\/wp-json\/wp\/v2\/product"}],"about":[{"href":"https:\/\/antiquariat-steinbach.com\/rarebooks\/wp-json\/wp\/v2\/types\/product"}],"version-history":[{"count":3,"href":"https:\/\/antiquariat-steinbach.com\/rarebooks\/wp-json\/wp\/v2\/product\/3269\/revisions"}],"predecessor-version":[{"id":19639,"href":"https:\/\/antiquariat-steinbach.com\/rarebooks\/wp-json\/wp\/v2\/product\/3269\/revisions\/19639"}],"wp:attachment":[{"href":"https:\/\/antiquariat-steinbach.com\/rarebooks\/wp-json\/wp\/v2\/media?parent=3269"}],"wp:term":[{"taxonomy":"product_brand","embeddable":true,"href":"https:\/\/antiquariat-steinbach.com\/rarebooks\/wp-json\/wp\/v2\/product_brand?post=3269"},{"taxonomy":"product_cat","embeddable":true,"href":"https:\/\/antiquariat-steinbach.com\/rarebooks\/wp-json\/wp\/v2\/product_cat?post=3269"},{"taxonomy":"product_tag","embeddable":true,"href":"https:\/\/antiquariat-steinbach.com\/rarebooks\/wp-json\/wp\/v2\/product_tag?post=3269"}],"curies":[{"name":"wp","href":"https:\/\/api.w.org\/{rel}","templated":true}]}}