{"id":3257,"date":"2026-03-12T00:08:33","date_gmt":"2026-03-11T23:08:33","guid":{"rendered":"http:\/\/antiquariat-steinbach.com\/rarebooks\/produkt\/150-kolorierte-abbildungen-der-fuer-den-unterricht-wichtigsten-gift-und-kulturpflanzen-2\/"},"modified":"2026-03-12T00:08:34","modified_gmt":"2026-03-11T23:08:34","slug":"groenland-johannes-150-kolorierte-abbildungen-der-fuer-den-unterricht-wichtigsten-gift-und-kulturpflanzen","status":"publish","type":"product","link":"https:\/\/antiquariat-steinbach.com\/rarebooks\/produkt\/groenland-johannes-150-kolorierte-abbildungen-der-fuer-den-unterricht-wichtigsten-gift-und-kulturpflanzen\/","title":{"rendered":"Gr\u00f6nland, Johannes: &#8211;  150 kolorierte Abbildungen der f\u00fcr den Unterricht wichtigsten Gift- und Kulturpflanzen."},"content":{"rendered":"<p>E\u00dflingen, Schreiber 1879.<\/p>\n<p>Sechste Auflage. 33 : 22 cm. 4 Blatt, 12 Seiten mit 150 kolorierten Abbildungen auf 30 Tafeln. Illustrierter Original-Halbleinenband.<\/p>\n<p>295,00 EUR<\/p>\n","protected":false},"excerpt":{"rendered":"<p>Bilder zum Anschauungs-Unterricht f\u00fcr die Jugend. II. Teil. &#8211; R\u00fccken erneuert, vereinzelt gering fleckig.<\/p>\n","protected":false},"featured_media":0,"template":"","meta":[],"product_brand":[],"product_cat":[37,914],"product_tag":[],"class_list":{"0":"post-3257","1":"product","2":"type-product","3":"status-publish","5":"product_cat-botanik","6":"product_cat-zvab","8":"first","9":"instock","10":"purchasable","11":"product-type-simple"},"_links":{"self":[{"href":"https:\/\/antiquariat-steinbach.com\/rarebooks\/wp-json\/wp\/v2\/product\/3257","targetHints":{"allow":["GET"]}}],"collection":[{"href":"https:\/\/antiquariat-steinbach.com\/rarebooks\/wp-json\/wp\/v2\/product"}],"about":[{"href":"https:\/\/antiquariat-steinbach.com\/rarebooks\/wp-json\/wp\/v2\/types\/product"}],"version-history":[{"count":3,"href":"https:\/\/antiquariat-steinbach.com\/rarebooks\/wp-json\/wp\/v2\/product\/3257\/revisions"}],"predecessor-version":[{"id":19636,"href":"https:\/\/antiquariat-steinbach.com\/rarebooks\/wp-json\/wp\/v2\/product\/3257\/revisions\/19636"}],"wp:attachment":[{"href":"https:\/\/antiquariat-steinbach.com\/rarebooks\/wp-json\/wp\/v2\/media?parent=3257"}],"wp:term":[{"taxonomy":"product_brand","embeddable":true,"href":"https:\/\/antiquariat-steinbach.com\/rarebooks\/wp-json\/wp\/v2\/product_brand?post=3257"},{"taxonomy":"product_cat","embeddable":true,"href":"https:\/\/antiquariat-steinbach.com\/rarebooks\/wp-json\/wp\/v2\/product_cat?post=3257"},{"taxonomy":"product_tag","embeddable":true,"href":"https:\/\/antiquariat-steinbach.com\/rarebooks\/wp-json\/wp\/v2\/product_tag?post=3257"}],"curies":[{"name":"wp","href":"https:\/\/api.w.org\/{rel}","templated":true}]}}