{"id":3239,"date":"2026-03-12T00:08:31","date_gmt":"2026-03-11T23:08:31","guid":{"rendered":"http:\/\/antiquariat-steinbach.com\/rarebooks\/produkt\/dornroeschen-ein-spiel-in-vier-teilen-nach-dem-maerchen-der-gebr-grimm\/"},"modified":"2026-03-12T00:08:33","modified_gmt":"2026-03-11T23:08:33","slug":"grimm-beintker-kaete-dornroeschen-ein-spiel-in-vier-teilen-nach-dem-maerchen-der-gebr-grimm","status":"publish","type":"product","link":"https:\/\/antiquariat-steinbach.com\/rarebooks\/produkt\/grimm-beintker-kaete-dornroeschen-ein-spiel-in-vier-teilen-nach-dem-maerchen-der-gebr-grimm\/","title":{"rendered":"Grimm &#8211;   Beintker, K\u00e4te. &#8211;  Dornr\u00f6schen. Ein Spiel in vier Teilen nach dem M\u00e4rchen der Gebr. Grimm."},"content":{"rendered":"<p>F\u00fcrth, Pestalozzi Verlag, 1947.<\/p>\n<p>15 : 22 cm. 12 Blatt, 5 farbig illustrierte Tafeln vonIngeborg Zaenger. Farbig illustrierter Original-Pappband.<\/p>\n<p>40,00 EUR<\/p>\n","protected":false},"excerpt":{"rendered":"<p>F\u00fcrth, Pestalozzi Verlag, 1947. 15 : 22 cm. 12 Blatt, 5 farbig illustrierte Tafeln vonIngeborg Zaenger. Farbig illustrierter Original-Pappband. 40,00&hellip;<\/p>\n","protected":false},"featured_media":14645,"template":"","meta":[],"product_brand":[],"product_cat":[60,137,914],"product_tag":[],"class_list":{"0":"post-3239","1":"product","2":"type-product","3":"status-publish","4":"has-post-thumbnail","6":"product_cat-kinderbuecher","7":"product_cat-maerchen","8":"product_cat-zvab","10":"first","11":"instock","12":"purchasable","13":"product-type-simple"},"_links":{"self":[{"href":"https:\/\/antiquariat-steinbach.com\/rarebooks\/wp-json\/wp\/v2\/product\/3239","targetHints":{"allow":["GET"]}}],"collection":[{"href":"https:\/\/antiquariat-steinbach.com\/rarebooks\/wp-json\/wp\/v2\/product"}],"about":[{"href":"https:\/\/antiquariat-steinbach.com\/rarebooks\/wp-json\/wp\/v2\/types\/product"}],"version-history":[{"count":3,"href":"https:\/\/antiquariat-steinbach.com\/rarebooks\/wp-json\/wp\/v2\/product\/3239\/revisions"}],"predecessor-version":[{"id":19630,"href":"https:\/\/antiquariat-steinbach.com\/rarebooks\/wp-json\/wp\/v2\/product\/3239\/revisions\/19630"}],"wp:featuredmedia":[{"embeddable":true,"href":"https:\/\/antiquariat-steinbach.com\/rarebooks\/wp-json\/wp\/v2\/media\/14645"}],"wp:attachment":[{"href":"https:\/\/antiquariat-steinbach.com\/rarebooks\/wp-json\/wp\/v2\/media?parent=3239"}],"wp:term":[{"taxonomy":"product_brand","embeddable":true,"href":"https:\/\/antiquariat-steinbach.com\/rarebooks\/wp-json\/wp\/v2\/product_brand?post=3239"},{"taxonomy":"product_cat","embeddable":true,"href":"https:\/\/antiquariat-steinbach.com\/rarebooks\/wp-json\/wp\/v2\/product_cat?post=3239"},{"taxonomy":"product_tag","embeddable":true,"href":"https:\/\/antiquariat-steinbach.com\/rarebooks\/wp-json\/wp\/v2\/product_tag?post=3239"}],"curies":[{"name":"wp","href":"https:\/\/api.w.org\/{rel}","templated":true}]}}