{"id":3211,"date":"2026-03-12T00:14:46","date_gmt":"2026-03-11T23:14:46","guid":{"rendered":"http:\/\/antiquariat-steinbach.com\/rarebooks\/produkt\/lieder-der-griechen-neues-lieder-der-griechen-neueste-lieder-der-griechen\/"},"modified":"2026-03-12T00:14:47","modified_gmt":"2026-03-11T23:14:47","slug":"literatur-mueller-wilhelm-lieder-der-griechen-neues-lieder-der-griechen-neueste-lieder-der-griechen","status":"publish","type":"product","link":"https:\/\/antiquariat-steinbach.com\/rarebooks\/produkt\/literatur-mueller-wilhelm-lieder-der-griechen-neues-lieder-der-griechen-neueste-lieder-der-griechen\/","title":{"rendered":"Literatur &#8211;   M\u00fcller, Wilhelm: &#8211;  Lieder der Griechen &#8211; Neues Lieder der Griechen &#8211; Neueste Lieder der Griechen."},"content":{"rendered":"<p>Dessau und Leipzig, Ackermann, Brockhaus und Voss 1821-1824.<\/p>\n<p>5 Hefte in 1 Band. 16,5 : 10 cm. 36; 32 Seiten; 2 Blatt, 28; 29; 32 Seiten Schlichter Pappband der Zeit.<\/p>\n<p>2400,00 EUR<\/p>\n","protected":false},"excerpt":{"rendered":"<p>Erste Ausgabe der ber\u00fchmten Liedersammlung, komplett mit allen 5 Heften! &#8211; Nur Teil 1 vom 1 Heft in der mir dem Gedicht &#8222;Byron&#8220; vermehrten, zweiten Auflage, sonst durchwegs in erster Ausgabe. Sehr selten. Die erfolgreichen, bald in mehreren Sprachen \u00fcbersetzten Sammlungen &#8222;riefen geradezu eine Mode ins Leben und trugen ihrem Autor europ\u00e4ische Ber\u00fchmtheit und den Namen &#8218;Griechenm\u00fcller&#8216; ein. Die elegisch-pathetischen Gedichte&#8230;wirkten bis zur engagierten Vorm\u00e4rzlyrik&#8220; (NDB XVIII, 321). M\u00fcller &#8222;Griechenlieder wurden damals eine geistige Macht, die der greichischen Sache (Befreiungskampf der Griechen vom tr\u00fckischen Joch) mehr n\u00fctzte als manche sogenannte Bundesgenossen (ADB XXII, 692). &#8211; &#8222;M\u00fcller never travelled in Greece, but spent several month in Vienna in 1817 where he came in contactwith Greeks belonging to the Philik\u00e9 Etairia and developt an interest in modern Greek studies&#8220; (Blackmer). &#8211; R\u00fccken stilgerecht erneuert, Einband gering berieben, innen tadelloses Exemplar. &#8211; Goed. VIII 265,26a;267,31;268,37 und 269,46a.<\/p>\n","protected":false},"featured_media":14640,"template":"","meta":[],"product_brand":[],"product_cat":[457,32,571,914],"product_tag":[],"class_list":{"0":"post-3211","1":"product","2":"type-product","3":"status-publish","4":"has-post-thumbnail","6":"product_cat-griechenland","7":"product_cat-literatur","8":"product_cat-vormaerz","9":"product_cat-zvab","11":"first","12":"instock","13":"purchasable","14":"product-type-simple"},"_links":{"self":[{"href":"https:\/\/antiquariat-steinbach.com\/rarebooks\/wp-json\/wp\/v2\/product\/3211","targetHints":{"allow":["GET"]}}],"collection":[{"href":"https:\/\/antiquariat-steinbach.com\/rarebooks\/wp-json\/wp\/v2\/product"}],"about":[{"href":"https:\/\/antiquariat-steinbach.com\/rarebooks\/wp-json\/wp\/v2\/types\/product"}],"version-history":[{"count":4,"href":"https:\/\/antiquariat-steinbach.com\/rarebooks\/wp-json\/wp\/v2\/product\/3211\/revisions"}],"predecessor-version":[{"id":23649,"href":"https:\/\/antiquariat-steinbach.com\/rarebooks\/wp-json\/wp\/v2\/product\/3211\/revisions\/23649"}],"wp:featuredmedia":[{"embeddable":true,"href":"https:\/\/antiquariat-steinbach.com\/rarebooks\/wp-json\/wp\/v2\/media\/14640"}],"wp:attachment":[{"href":"https:\/\/antiquariat-steinbach.com\/rarebooks\/wp-json\/wp\/v2\/media?parent=3211"}],"wp:term":[{"taxonomy":"product_brand","embeddable":true,"href":"https:\/\/antiquariat-steinbach.com\/rarebooks\/wp-json\/wp\/v2\/product_brand?post=3211"},{"taxonomy":"product_cat","embeddable":true,"href":"https:\/\/antiquariat-steinbach.com\/rarebooks\/wp-json\/wp\/v2\/product_cat?post=3211"},{"taxonomy":"product_tag","embeddable":true,"href":"https:\/\/antiquariat-steinbach.com\/rarebooks\/wp-json\/wp\/v2\/product_tag?post=3211"}],"curies":[{"name":"wp","href":"https:\/\/api.w.org\/{rel}","templated":true}]}}