{"id":3191,"date":"2026-03-12T00:12:20","date_gmt":"2026-03-11T23:12:20","guid":{"rendered":"http:\/\/antiquariat-steinbach.com\/rarebooks\/produkt\/die-graphischen-kuenste-3\/"},"modified":"2026-03-12T00:12:21","modified_gmt":"2026-03-11T23:12:21","slug":"junk-die-graphischen-kuenste","status":"publish","type":"product","link":"https:\/\/antiquariat-steinbach.com\/rarebooks\/produkt\/junk-die-graphischen-kuenste\/","title":{"rendered":"Junk &#8211;   Die graphischen K\u00fcnste."},"content":{"rendered":"<p>Vienna, Gesellschaft f\u00fcr vervielf\u00e4ltigende Kunst,  1919.<\/p>\n<p>4 issue bound in 3. 40 : 31 cm. With 8 original graphics, many plates and illustrations. Illustrated original wrappers.<\/p>\n<p>180,00 EUR<\/p>\n","protected":false},"excerpt":{"rendered":"<p>Contains the following original graphics: Hermann Kupferschid, Fritz Gilsi, Walther Klemm, Rudolf Junk  &#8218;Mein Haus&#8216; Original coloured woodcut and &#8218;Gedenkbaltt f\u00fcr Heinrich Lefler&#8216; &#8211; Paul Paeschke, Otto Richard und Lilliy Steiner.  &#8211; First issue with some stains, on third of front cover missing.<\/p>\n","protected":false},"featured_media":24428,"template":"","meta":[],"product_brand":[],"product_cat":[29,71,153,43,90,52,914],"product_tag":[],"class_list":{"0":"post-3191","1":"product","2":"type-product","3":"status-publish","4":"has-post-thumbnail","6":"product_cat-20-jahrhundert","7":"product_cat-austriaca","8":"product_cat-graphik","9":"product_cat-illustrierte-buecher","10":"product_cat-viennensia","11":"product_cat-zeitschriften","12":"product_cat-zvab","14":"first","15":"instock","16":"purchasable","17":"product-type-simple"},"_links":{"self":[{"href":"https:\/\/antiquariat-steinbach.com\/rarebooks\/wp-json\/wp\/v2\/product\/3191","targetHints":{"allow":["GET"]}}],"collection":[{"href":"https:\/\/antiquariat-steinbach.com\/rarebooks\/wp-json\/wp\/v2\/product"}],"about":[{"href":"https:\/\/antiquariat-steinbach.com\/rarebooks\/wp-json\/wp\/v2\/types\/product"}],"version-history":[{"count":4,"href":"https:\/\/antiquariat-steinbach.com\/rarebooks\/wp-json\/wp\/v2\/product\/3191\/revisions"}],"predecessor-version":[{"id":24427,"href":"https:\/\/antiquariat-steinbach.com\/rarebooks\/wp-json\/wp\/v2\/product\/3191\/revisions\/24427"}],"wp:featuredmedia":[{"embeddable":true,"href":"https:\/\/antiquariat-steinbach.com\/rarebooks\/wp-json\/wp\/v2\/media\/24428"}],"wp:attachment":[{"href":"https:\/\/antiquariat-steinbach.com\/rarebooks\/wp-json\/wp\/v2\/media?parent=3191"}],"wp:term":[{"taxonomy":"product_brand","embeddable":true,"href":"https:\/\/antiquariat-steinbach.com\/rarebooks\/wp-json\/wp\/v2\/product_brand?post=3191"},{"taxonomy":"product_cat","embeddable":true,"href":"https:\/\/antiquariat-steinbach.com\/rarebooks\/wp-json\/wp\/v2\/product_cat?post=3191"},{"taxonomy":"product_tag","embeddable":true,"href":"https:\/\/antiquariat-steinbach.com\/rarebooks\/wp-json\/wp\/v2\/product_tag?post=3191"}],"curies":[{"name":"wp","href":"https:\/\/api.w.org\/{rel}","templated":true}]}}