{"id":3187,"date":"2026-03-12T00:08:27","date_gmt":"2026-03-11T23:08:27","guid":{"rendered":"http:\/\/antiquariat-steinbach.com\/rarebooks\/produkt\/die-graphischen-kuenste\/"},"modified":"2026-03-12T00:08:29","modified_gmt":"2026-03-11T23:08:29","slug":"graphische-kuenste-die-graphischen-kuenste","status":"publish","type":"product","link":"https:\/\/antiquariat-steinbach.com\/rarebooks\/produkt\/graphische-kuenste-die-graphischen-kuenste\/","title":{"rendered":"Graphische K\u00fcnste &#8211;   Die graphischen K\u00fcnste."},"content":{"rendered":"<p>Vienna, Gesellschaft f\u00fcr vervielf\u00e4ltigende Kunst,  1910.<\/p>\n<p>Issue 4 40 : 31 cm. With 2 original graphics, many plates and illustrations. Illustrated original wrappers.<\/p>\n<p>80,00 EUR<\/p>\n","protected":false},"excerpt":{"rendered":"<p>Contains the following original graphics: Robert Levy-Lendrd &#8218;Verona&#8216; &#8218;Donauinsel&#8216;. &#8211; Vereinzelt gering fleckig.<\/p>\n","protected":false},"featured_media":24273,"template":"","meta":[],"product_brand":[],"product_cat":[29,71,153,43,90,52,914],"product_tag":[],"class_list":{"0":"post-3187","1":"product","2":"type-product","3":"status-publish","4":"has-post-thumbnail","6":"product_cat-20-jahrhundert","7":"product_cat-austriaca","8":"product_cat-graphik","9":"product_cat-illustrierte-buecher","10":"product_cat-viennensia","11":"product_cat-zeitschriften","12":"product_cat-zvab","14":"first","15":"instock","16":"purchasable","17":"product-type-simple"},"_links":{"self":[{"href":"https:\/\/antiquariat-steinbach.com\/rarebooks\/wp-json\/wp\/v2\/product\/3187","targetHints":{"allow":["GET"]}}],"collection":[{"href":"https:\/\/antiquariat-steinbach.com\/rarebooks\/wp-json\/wp\/v2\/product"}],"about":[{"href":"https:\/\/antiquariat-steinbach.com\/rarebooks\/wp-json\/wp\/v2\/types\/product"}],"version-history":[{"count":4,"href":"https:\/\/antiquariat-steinbach.com\/rarebooks\/wp-json\/wp\/v2\/product\/3187\/revisions"}],"predecessor-version":[{"id":24272,"href":"https:\/\/antiquariat-steinbach.com\/rarebooks\/wp-json\/wp\/v2\/product\/3187\/revisions\/24272"}],"wp:featuredmedia":[{"embeddable":true,"href":"https:\/\/antiquariat-steinbach.com\/rarebooks\/wp-json\/wp\/v2\/media\/24273"}],"wp:attachment":[{"href":"https:\/\/antiquariat-steinbach.com\/rarebooks\/wp-json\/wp\/v2\/media?parent=3187"}],"wp:term":[{"taxonomy":"product_brand","embeddable":true,"href":"https:\/\/antiquariat-steinbach.com\/rarebooks\/wp-json\/wp\/v2\/product_brand?post=3187"},{"taxonomy":"product_cat","embeddable":true,"href":"https:\/\/antiquariat-steinbach.com\/rarebooks\/wp-json\/wp\/v2\/product_cat?post=3187"},{"taxonomy":"product_tag","embeddable":true,"href":"https:\/\/antiquariat-steinbach.com\/rarebooks\/wp-json\/wp\/v2\/product_tag?post=3187"}],"curies":[{"name":"wp","href":"https:\/\/api.w.org\/{rel}","templated":true}]}}