{"id":3091,"date":"2026-03-12T00:08:17","date_gmt":"2026-03-11T23:08:17","guid":{"rendered":"http:\/\/antiquariat-steinbach.com\/rarebooks\/produkt\/sammlung-von-66-glueckwunschkarten\/"},"modified":"2026-03-12T00:08:19","modified_gmt":"2026-03-11T23:08:19","slug":"glueckwunschkarten-sammlung-von-66-glueckwunschkarten","status":"publish","type":"product","link":"https:\/\/antiquariat-steinbach.com\/rarebooks\/produkt\/glueckwunschkarten-sammlung-von-66-glueckwunschkarten\/","title":{"rendered":"Gl\u00fcckwunschkarten: &#8211;  Sammlung von 66 Gl\u00fcckwunschkarten."},"content":{"rendered":"<p>Meist Basel, 1920 &#8211; 1935.<\/p>\n<p>66 Gl\u00fcckwunschkarten.<\/p>\n<p>60,00 EUR<\/p>\n","protected":false},"excerpt":{"rendered":"<p>Abwechslungsreiche Sammlung von Gl\u00fcckwunschkarten meist f\u00fcr Geburtsanzeigen, Verm\u00e4hlung, Neujahrsw\u00fcnsche und \u00e4hnliches. Die Karten gr\u00f6\u00dftenteils aus Basel, aber auch einigen anderen europ\u00e4ischen St\u00e4dten.<\/p>\n","protected":false},"featured_media":0,"template":"","meta":[],"product_brand":[],"product_cat":[93,560,129,76,914],"product_tag":[],"class_list":{"0":"post-3091","1":"product","2":"type-product","3":"status-publish","5":"product_cat-design","6":"product_cat-glueckwunschkarten","7":"product_cat-postkarten","8":"product_cat-schweiz","9":"product_cat-zvab","11":"first","12":"instock","13":"purchasable","14":"product-type-simple"},"_links":{"self":[{"href":"https:\/\/antiquariat-steinbach.com\/rarebooks\/wp-json\/wp\/v2\/product\/3091","targetHints":{"allow":["GET"]}}],"collection":[{"href":"https:\/\/antiquariat-steinbach.com\/rarebooks\/wp-json\/wp\/v2\/product"}],"about":[{"href":"https:\/\/antiquariat-steinbach.com\/rarebooks\/wp-json\/wp\/v2\/types\/product"}],"version-history":[{"count":3,"href":"https:\/\/antiquariat-steinbach.com\/rarebooks\/wp-json\/wp\/v2\/product\/3091\/revisions"}],"predecessor-version":[{"id":19557,"href":"https:\/\/antiquariat-steinbach.com\/rarebooks\/wp-json\/wp\/v2\/product\/3091\/revisions\/19557"}],"wp:attachment":[{"href":"https:\/\/antiquariat-steinbach.com\/rarebooks\/wp-json\/wp\/v2\/media?parent=3091"}],"wp:term":[{"taxonomy":"product_brand","embeddable":true,"href":"https:\/\/antiquariat-steinbach.com\/rarebooks\/wp-json\/wp\/v2\/product_brand?post=3091"},{"taxonomy":"product_cat","embeddable":true,"href":"https:\/\/antiquariat-steinbach.com\/rarebooks\/wp-json\/wp\/v2\/product_cat?post=3091"},{"taxonomy":"product_tag","embeddable":true,"href":"https:\/\/antiquariat-steinbach.com\/rarebooks\/wp-json\/wp\/v2\/product_tag?post=3091"}],"curies":[{"name":"wp","href":"https:\/\/api.w.org\/{rel}","templated":true}]}}