{"id":3067,"date":"2026-03-12T00:08:17","date_gmt":"2026-03-11T23:08:17","guid":{"rendered":"http:\/\/antiquariat-steinbach.com\/rarebooks\/produkt\/das-weisse-haus-kochbuch\/"},"modified":"2026-03-12T00:08:17","modified_gmt":"2026-03-11T23:08:17","slug":"gillette-f-l-und-hugo-ziemann-das-weisse-haus-kochbuch","status":"publish","type":"product","link":"https:\/\/antiquariat-steinbach.com\/rarebooks\/produkt\/gillette-f-l-und-hugo-ziemann-das-weisse-haus-kochbuch\/","title":{"rendered":"Gillette, F.L. und Hugo Ziemann: &#8211;  Das &#8222;Wei\u00dfe Haus&#8220; Kochbuch."},"content":{"rendered":"<p>New York, Akron, Chicago, The Saalfield Publishing Co 1906.<\/p>\n<p>25 : 18 cm. Vi Seiten, 1 Blatt, 651 Seiten mit mehreren Tafeln und Illustrationen. Illustrierter Original-Leinenband.<\/p>\n<p>180,00 EUR<\/p>\n","protected":false},"excerpt":{"rendered":"<p>Eine reichhaltige Encyclop\u00e4die n\u00fctzlicher Belehrung f\u00fcr das Hauswesen. Recepte zum Gebrauch beim Kochen, bei der Toilette und im Haushalt. Die richtige Form f\u00fcr Speisekarten, Weisungenf\u00fcr Gastm\u00e4hler, Etikette bei der Tafeln, Gesundheitsregeln, Krankenpflege und sonstige wissenswerthe Thatsachen. Coautor Hugo Ziemann war Steward im Wei\u00dfen Haus. &#8211; Papiebedingt etwas gebr\u00e4unt; Buchblock gelockert.<\/p>\n","protected":false},"featured_media":0,"template":"","meta":[],"product_brand":[],"product_cat":[128,58,112,914],"product_tag":[],"class_list":{"0":"post-3067","1":"product","2":"type-product","3":"status-publish","5":"product_cat-amerika","6":"product_cat-gastronomie","7":"product_cat-kochbuecher","8":"product_cat-zvab","10":"first","11":"instock","12":"purchasable","13":"product-type-simple"},"_links":{"self":[{"href":"https:\/\/antiquariat-steinbach.com\/rarebooks\/wp-json\/wp\/v2\/product\/3067","targetHints":{"allow":["GET"]}}],"collection":[{"href":"https:\/\/antiquariat-steinbach.com\/rarebooks\/wp-json\/wp\/v2\/product"}],"about":[{"href":"https:\/\/antiquariat-steinbach.com\/rarebooks\/wp-json\/wp\/v2\/types\/product"}],"version-history":[{"count":3,"href":"https:\/\/antiquariat-steinbach.com\/rarebooks\/wp-json\/wp\/v2\/product\/3067\/revisions"}],"predecessor-version":[{"id":19548,"href":"https:\/\/antiquariat-steinbach.com\/rarebooks\/wp-json\/wp\/v2\/product\/3067\/revisions\/19548"}],"wp:attachment":[{"href":"https:\/\/antiquariat-steinbach.com\/rarebooks\/wp-json\/wp\/v2\/media?parent=3067"}],"wp:term":[{"taxonomy":"product_brand","embeddable":true,"href":"https:\/\/antiquariat-steinbach.com\/rarebooks\/wp-json\/wp\/v2\/product_brand?post=3067"},{"taxonomy":"product_cat","embeddable":true,"href":"https:\/\/antiquariat-steinbach.com\/rarebooks\/wp-json\/wp\/v2\/product_cat?post=3067"},{"taxonomy":"product_tag","embeddable":true,"href":"https:\/\/antiquariat-steinbach.com\/rarebooks\/wp-json\/wp\/v2\/product_tag?post=3067"}],"curies":[{"name":"wp","href":"https:\/\/api.w.org\/{rel}","templated":true}]}}