{"id":3055,"date":"2026-03-12T00:08:15","date_gmt":"2026-03-11T23:08:15","guid":{"rendered":"http:\/\/antiquariat-steinbach.com\/rarebooks\/produkt\/beschreibung-der-festung-gibraltar\/"},"modified":"2026-03-12T00:08:16","modified_gmt":"2026-03-11T23:08:16","slug":"gibraltar-gibraltar-beschreibung-der-festung-gibraltar","status":"publish","type":"product","link":"https:\/\/antiquariat-steinbach.com\/rarebooks\/produkt\/gibraltar-gibraltar-beschreibung-der-festung-gibraltar\/","title":{"rendered":"Gibraltar &#8211;   Gibraltar: &#8211;  Beschreibung der Festung Gibraltar."},"content":{"rendered":"<p>Berlin, Braunes 1808.<\/p>\n<p>17,5 : 10,5 cm. 16 p\u00e1ginas con un plano plegado en colores. Cubiertas originales.<\/p>\n<p>380,00 EUR<\/p>\n","protected":false},"excerpt":{"rendered":"<p>Muy raro. &#8211; Descripci\u00f3n de la fortificaci\u00f3n de Gibraltar. El plano mustra una vista detallada de Gibraltar hasta la frontera con Espa\u00f1a.<\/p>\n","protected":false},"featured_media":14599,"template":"","meta":[],"product_brand":[],"product_cat":[65,97,981,148,914],"product_tag":[],"class_list":{"0":"post-3055","1":"product","2":"type-product","3":"status-publish","4":"has-post-thumbnail","6":"product_cat-geographie","7":"product_cat-geschichte","8":"product_cat-madrid-23","9":"product_cat-spanien","10":"product_cat-zvab","12":"first","13":"instock","14":"purchasable","15":"product-type-simple"},"_links":{"self":[{"href":"https:\/\/antiquariat-steinbach.com\/rarebooks\/wp-json\/wp\/v2\/product\/3055","targetHints":{"allow":["GET"]}}],"collection":[{"href":"https:\/\/antiquariat-steinbach.com\/rarebooks\/wp-json\/wp\/v2\/product"}],"about":[{"href":"https:\/\/antiquariat-steinbach.com\/rarebooks\/wp-json\/wp\/v2\/types\/product"}],"version-history":[{"count":5,"href":"https:\/\/antiquariat-steinbach.com\/rarebooks\/wp-json\/wp\/v2\/product\/3055\/revisions"}],"predecessor-version":[{"id":24252,"href":"https:\/\/antiquariat-steinbach.com\/rarebooks\/wp-json\/wp\/v2\/product\/3055\/revisions\/24252"}],"wp:featuredmedia":[{"embeddable":true,"href":"https:\/\/antiquariat-steinbach.com\/rarebooks\/wp-json\/wp\/v2\/media\/14599"}],"wp:attachment":[{"href":"https:\/\/antiquariat-steinbach.com\/rarebooks\/wp-json\/wp\/v2\/media?parent=3055"}],"wp:term":[{"taxonomy":"product_brand","embeddable":true,"href":"https:\/\/antiquariat-steinbach.com\/rarebooks\/wp-json\/wp\/v2\/product_brand?post=3055"},{"taxonomy":"product_cat","embeddable":true,"href":"https:\/\/antiquariat-steinbach.com\/rarebooks\/wp-json\/wp\/v2\/product_cat?post=3055"},{"taxonomy":"product_tag","embeddable":true,"href":"https:\/\/antiquariat-steinbach.com\/rarebooks\/wp-json\/wp\/v2\/product_tag?post=3055"}],"curies":[{"name":"wp","href":"https:\/\/api.w.org\/{rel}","templated":true}]}}