{"id":3043,"date":"2026-03-12T00:08:13","date_gmt":"2026-03-11T23:08:13","guid":{"rendered":"http:\/\/antiquariat-steinbach.com\/rarebooks\/produkt\/schriften\/"},"modified":"2026-03-12T00:08:14","modified_gmt":"2026-03-11T23:08:14","slug":"gessner-salomon-schriften","status":"publish","type":"product","link":"https:\/\/antiquariat-steinbach.com\/rarebooks\/produkt\/gessner-salomon-schriften\/","title":{"rendered":"Gessner, Salomon: &#8211;  Schriften."},"content":{"rendered":"<p>Wien, Schr\u00e4mbl 1792.<\/p>\n<p>4 Teile in 2 B\u00e4nde. 14 : 8,5 cm. Mit Portr\u00e4t, 4 gestochenen Titeln und 4 Kupfertafeln. Halbleinenb\u00e4nde der Zeit.<\/p>\n<p>180,00 EUR<\/p>\n","protected":false},"excerpt":{"rendered":"<p>Salomon Gessner war der herausragende Schweizer Dichter der f\u00fcr das 18. Jahrhundert so typischen Sch\u00e4feridyllen, welche die Sehnsucht nach einem paradiesischen  Naturzeitalter reflektierten. &#8211; Sammlung der vorz\u00fcglichsten Werke deutscher Dichter und Prosaisten, B\u00e4nde 3 &#8211; 6.<\/p>\n","protected":false},"featured_media":14594,"template":"","meta":[],"product_brand":[],"product_cat":[301,32,103,914],"product_tag":[],"class_list":{"0":"post-3043","1":"product","2":"type-product","3":"status-publish","4":"has-post-thumbnail","6":"product_cat-gesamtausgaben","7":"product_cat-literatur","8":"product_cat-michael","9":"product_cat-zvab","11":"first","12":"instock","13":"purchasable","14":"product-type-simple"},"_links":{"self":[{"href":"https:\/\/antiquariat-steinbach.com\/rarebooks\/wp-json\/wp\/v2\/product\/3043","targetHints":{"allow":["GET"]}}],"collection":[{"href":"https:\/\/antiquariat-steinbach.com\/rarebooks\/wp-json\/wp\/v2\/product"}],"about":[{"href":"https:\/\/antiquariat-steinbach.com\/rarebooks\/wp-json\/wp\/v2\/types\/product"}],"version-history":[{"count":3,"href":"https:\/\/antiquariat-steinbach.com\/rarebooks\/wp-json\/wp\/v2\/product\/3043\/revisions"}],"predecessor-version":[{"id":19541,"href":"https:\/\/antiquariat-steinbach.com\/rarebooks\/wp-json\/wp\/v2\/product\/3043\/revisions\/19541"}],"wp:featuredmedia":[{"embeddable":true,"href":"https:\/\/antiquariat-steinbach.com\/rarebooks\/wp-json\/wp\/v2\/media\/14594"}],"wp:attachment":[{"href":"https:\/\/antiquariat-steinbach.com\/rarebooks\/wp-json\/wp\/v2\/media?parent=3043"}],"wp:term":[{"taxonomy":"product_brand","embeddable":true,"href":"https:\/\/antiquariat-steinbach.com\/rarebooks\/wp-json\/wp\/v2\/product_brand?post=3043"},{"taxonomy":"product_cat","embeddable":true,"href":"https:\/\/antiquariat-steinbach.com\/rarebooks\/wp-json\/wp\/v2\/product_cat?post=3043"},{"taxonomy":"product_tag","embeddable":true,"href":"https:\/\/antiquariat-steinbach.com\/rarebooks\/wp-json\/wp\/v2\/product_tag?post=3043"}],"curies":[{"name":"wp","href":"https:\/\/api.w.org\/{rel}","templated":true}]}}