{"id":3035,"date":"2026-03-12T00:14:10","date_gmt":"2026-03-11T23:14:10","guid":{"rendered":"http:\/\/antiquariat-steinbach.com\/rarebooks\/produkt\/drei-sammlungskataloge-glasgemmaelde-holzstoecke-gewebesammlung\/"},"modified":"2026-03-12T00:14:12","modified_gmt":"2026-03-11T23:14:12","slug":"kunstgewerbe-germanisches-museum-drei-sammlungskataloge-glasgemmaelde-holzstoecke-gewebesammlung","status":"publish","type":"product","link":"https:\/\/antiquariat-steinbach.com\/rarebooks\/produkt\/kunstgewerbe-germanisches-museum-drei-sammlungskataloge-glasgemmaelde-holzstoecke-gewebesammlung\/","title":{"rendered":"Kunstgewerbe &#8211;   Germanisches Museum: &#8211;  Drei Sammlungskataloge: Glasgemm\u00e4lde &#8211; Holzst\u00f6cke &#8211; Gewebesammlung."},"content":{"rendered":"<p>N\u00fcrnberg, Germanisches Museum 1898 &#8211; 1901.<\/p>\n<p>27 : 18 cm. Mit sehr vielen, teils doppelblattgro\u00dfen Tafeln. Halblederband der Zeit mit R\u00fcckenvergoldung und R\u00fcckenschild.<\/p>\n<p>120,00 EUR<\/p>\n","protected":false},"excerpt":{"rendered":"<p>Enth\u00e4lt die folgenden Kataloge: 1. Katalog der im germanischen Museum befindlichen Glasgem\u00e4lde aus \u00e4lterer Zeit. II. Auflage. 18 Tafeln mit 27 Abbildungen. &#8211; 2. Katalog der im germanischen Museum vorhandenen zum Abdrucke bestimmten geschnittenen Holzst\u00f6cke vom XV.-XVIII Jahrhunderte. 2. Teil XVII.-XVIII. Jahrhundert. Mit sehr vielen Abbildungen. &#8211; 3. Katalog der Gewebesammlung, zwei Teile. 1. Gewebe und Wirkereien, Zeugdrucke. 23 Abbildungen auf 14 Tafeln. 2. Stickereien, Spitzen und Posamentierarbeiten. 17 Tafeln.<\/p>\n","protected":false},"featured_media":23640,"template":"","meta":[],"product_brand":[],"product_cat":[69,178,914],"product_tag":[],"class_list":{"0":"post-3035","1":"product","2":"type-product","3":"status-publish","4":"has-post-thumbnail","6":"product_cat-kunstgeschichte","7":"product_cat-kunstgewerbe","8":"product_cat-zvab","10":"first","11":"instock","12":"purchasable","13":"product-type-simple"},"_links":{"self":[{"href":"https:\/\/antiquariat-steinbach.com\/rarebooks\/wp-json\/wp\/v2\/product\/3035","targetHints":{"allow":["GET"]}}],"collection":[{"href":"https:\/\/antiquariat-steinbach.com\/rarebooks\/wp-json\/wp\/v2\/product"}],"about":[{"href":"https:\/\/antiquariat-steinbach.com\/rarebooks\/wp-json\/wp\/v2\/types\/product"}],"version-history":[{"count":4,"href":"https:\/\/antiquariat-steinbach.com\/rarebooks\/wp-json\/wp\/v2\/product\/3035\/revisions"}],"predecessor-version":[{"id":23639,"href":"https:\/\/antiquariat-steinbach.com\/rarebooks\/wp-json\/wp\/v2\/product\/3035\/revisions\/23639"}],"wp:featuredmedia":[{"embeddable":true,"href":"https:\/\/antiquariat-steinbach.com\/rarebooks\/wp-json\/wp\/v2\/media\/23640"}],"wp:attachment":[{"href":"https:\/\/antiquariat-steinbach.com\/rarebooks\/wp-json\/wp\/v2\/media?parent=3035"}],"wp:term":[{"taxonomy":"product_brand","embeddable":true,"href":"https:\/\/antiquariat-steinbach.com\/rarebooks\/wp-json\/wp\/v2\/product_brand?post=3035"},{"taxonomy":"product_cat","embeddable":true,"href":"https:\/\/antiquariat-steinbach.com\/rarebooks\/wp-json\/wp\/v2\/product_cat?post=3035"},{"taxonomy":"product_tag","embeddable":true,"href":"https:\/\/antiquariat-steinbach.com\/rarebooks\/wp-json\/wp\/v2\/product_tag?post=3035"}],"curies":[{"name":"wp","href":"https:\/\/api.w.org\/{rel}","templated":true}]}}