{"id":2995,"date":"2026-03-12T00:08:09","date_gmt":"2026-03-11T23:08:09","guid":{"rendered":"http:\/\/antiquariat-steinbach.com\/rarebooks\/produkt\/liebe\/"},"modified":"2026-03-12T00:08:10","modified_gmt":"2026-03-11T23:08:10","slug":"geiger-willi-liebe","status":"publish","type":"product","link":"https:\/\/antiquariat-steinbach.com\/rarebooks\/produkt\/geiger-willi-liebe\/","title":{"rendered":"Geiger, Willi: &#8211;  Liebe."},"content":{"rendered":"<p>(M\u00fcnchen, Piper 1904).<\/p>\n<p>54 : 37,5 cm. 2 Blatt 10 (9 signierte) Original-Radierungen von Willi Geiger. Original-Halbleinenmappe.<\/p>\n<p>2800,00 EUR<\/p>\n","protected":false},"excerpt":{"rendered":"<p>Eines von nur 50 numerierten Exemplaren. Die Radierungen auf kaiserliches Handjapan gedruckt. Titelblatt zus\u00e4tzlich von Geiger signiert. Seltene, fr\u00fche Folge des K\u00fcnstlers. Geiger studierte u.a. bei Franz von Lenbach, Franz von Stuck und Peter Halm in M\u00fcnchen. Bereits 1903 hatte Geiger mit der Lichtdruckfolge &#8218;Seele&#8216; nach um 1901 entstandenen Zeichnungen einen spektakul\u00e4ren Erfolg, der dem K\u00fcnstler starke Beachtung aber auch Kritik eintrug. &#8222;Ein Jahr sp\u00e4ter, 1904, gab Geiger im Selbstverlag 10 Originalradierungen unter dem Titel &#8218;Liebe&#8216; heraus, die Bl\u00e4tter waren in der Kupferdruckerei Wetteroth gedruckt, der Verlag Piper &#038; co. nahm sie in Kommission. Mehr noch als beim Erscheinen von &#8218;Seele&#8216; f\u00fchlte sich ein Teil des Publikums von der Thematik abgesto\u00dfen. In der Tat war hier mit horrender Hellsichtigkeit Nachtseiten der menschlichen Natur angesprochen, welche durch den Versuch der symbolischen Gestaltung nur um so bedr\u00e4ngender wirkten. Weitgehend einig war man sich dagegen \u00fcber das technisch Meisterhafte des Radierzyklus&#8230;&#8220; (K.H.Schreyl in Willi Geiger, ExLibris, N\u00fcrnberg 1979, S 3\/4). &#8211; Titelblatt im Bug geknickt, Innengelenke der Mappe gering besch\u00e4digt, die Radierungen aber vorz\u00fcglich erhalten. &#8211; Thieme-Becker S. 345.<\/p>\n","protected":false},"featured_media":24229,"template":"","meta":[],"product_brand":[],"product_cat":[29,152,43,914],"product_tag":[],"class_list":{"0":"post-2995","1":"product","2":"type-product","3":"status-publish","4":"has-post-thumbnail","6":"product_cat-20-jahrhundert","7":"product_cat-erotica","8":"product_cat-illustrierte-buecher","9":"product_cat-zvab","11":"first","12":"instock","13":"purchasable","14":"product-type-simple"},"_links":{"self":[{"href":"https:\/\/antiquariat-steinbach.com\/rarebooks\/wp-json\/wp\/v2\/product\/2995","targetHints":{"allow":["GET"]}}],"collection":[{"href":"https:\/\/antiquariat-steinbach.com\/rarebooks\/wp-json\/wp\/v2\/product"}],"about":[{"href":"https:\/\/antiquariat-steinbach.com\/rarebooks\/wp-json\/wp\/v2\/types\/product"}],"version-history":[{"count":3,"href":"https:\/\/antiquariat-steinbach.com\/rarebooks\/wp-json\/wp\/v2\/product\/2995\/revisions"}],"predecessor-version":[{"id":19519,"href":"https:\/\/antiquariat-steinbach.com\/rarebooks\/wp-json\/wp\/v2\/product\/2995\/revisions\/19519"}],"wp:featuredmedia":[{"embeddable":true,"href":"https:\/\/antiquariat-steinbach.com\/rarebooks\/wp-json\/wp\/v2\/media\/24229"}],"wp:attachment":[{"href":"https:\/\/antiquariat-steinbach.com\/rarebooks\/wp-json\/wp\/v2\/media?parent=2995"}],"wp:term":[{"taxonomy":"product_brand","embeddable":true,"href":"https:\/\/antiquariat-steinbach.com\/rarebooks\/wp-json\/wp\/v2\/product_brand?post=2995"},{"taxonomy":"product_cat","embeddable":true,"href":"https:\/\/antiquariat-steinbach.com\/rarebooks\/wp-json\/wp\/v2\/product_cat?post=2995"},{"taxonomy":"product_tag","embeddable":true,"href":"https:\/\/antiquariat-steinbach.com\/rarebooks\/wp-json\/wp\/v2\/product_tag?post=2995"}],"curies":[{"name":"wp","href":"https:\/\/api.w.org\/{rel}","templated":true}]}}