{"id":2985,"date":"2026-03-12T00:00:46","date_gmt":"2026-03-11T23:00:46","guid":{"rendered":"http:\/\/antiquariat-steinbach.com\/rarebooks\/produkt\/mit-den-karten-niederoesterreich-obreoesterreich-und-salzburg-steiermark-und-kaernten-tirol-und-vorarlberg\/"},"modified":"2026-03-12T00:00:48","modified_gmt":"2026-03-11T23:00:48","slug":"austriaca-geduldspiel-geographisches-mit-den-karten-niederoesterreich-obreoesterreich-und-salzburg-steiermark-und-kaernten-tirol-und-vorarlberg","status":"publish","type":"product","link":"https:\/\/antiquariat-steinbach.com\/rarebooks\/produkt\/austriaca-geduldspiel-geographisches-mit-den-karten-niederoesterreich-obreoesterreich-und-salzburg-steiermark-und-kaernten-tirol-und-vorarlberg\/","title":{"rendered":"Austriaca &#8211;   Geduldspiel, Geographisches: &#8211;  Mit den Karten: Nieder\u00f6sterreich, Obre\u00f6sterreich und Salzburg, Steiermark und K\u00e4rnten, Tirol und Vorarlberg."},"content":{"rendered":"<p>O.O, o.J.(ca. 1910).<\/p>\n<p>32 : 44 cm. Mit 4 farbigen Puzzles. Illustrierte Original-Schachtel.<\/p>\n<p>150,00 EUR<\/p>\n","protected":false},"excerpt":{"rendered":"<p>Komplettes Puzzle der verschiedenen Bundesl\u00e4nder \u00d6sterreichs. &#8211; Karton etwas berieben.<\/p>\n","protected":false},"featured_media":16724,"template":"","meta":[],"product_brand":[],"product_cat":[71,65,60,381,914],"product_tag":[],"class_list":{"0":"post-2985","1":"product","2":"type-product","3":"status-publish","4":"has-post-thumbnail","6":"product_cat-austriaca","7":"product_cat-geographie","8":"product_cat-kinderbuecher","9":"product_cat-spiele","10":"product_cat-zvab","12":"first","13":"instock","14":"purchasable","15":"product-type-simple"},"_links":{"self":[{"href":"https:\/\/antiquariat-steinbach.com\/rarebooks\/wp-json\/wp\/v2\/product\/2985","targetHints":{"allow":["GET"]}}],"collection":[{"href":"https:\/\/antiquariat-steinbach.com\/rarebooks\/wp-json\/wp\/v2\/product"}],"about":[{"href":"https:\/\/antiquariat-steinbach.com\/rarebooks\/wp-json\/wp\/v2\/types\/product"}],"version-history":[{"count":5,"href":"https:\/\/antiquariat-steinbach.com\/rarebooks\/wp-json\/wp\/v2\/product\/2985\/revisions"}],"predecessor-version":[{"id":23898,"href":"https:\/\/antiquariat-steinbach.com\/rarebooks\/wp-json\/wp\/v2\/product\/2985\/revisions\/23898"}],"wp:featuredmedia":[{"embeddable":true,"href":"https:\/\/antiquariat-steinbach.com\/rarebooks\/wp-json\/wp\/v2\/media\/16724"}],"wp:attachment":[{"href":"https:\/\/antiquariat-steinbach.com\/rarebooks\/wp-json\/wp\/v2\/media?parent=2985"}],"wp:term":[{"taxonomy":"product_brand","embeddable":true,"href":"https:\/\/antiquariat-steinbach.com\/rarebooks\/wp-json\/wp\/v2\/product_brand?post=2985"},{"taxonomy":"product_cat","embeddable":true,"href":"https:\/\/antiquariat-steinbach.com\/rarebooks\/wp-json\/wp\/v2\/product_cat?post=2985"},{"taxonomy":"product_tag","embeddable":true,"href":"https:\/\/antiquariat-steinbach.com\/rarebooks\/wp-json\/wp\/v2\/product_tag?post=2985"}],"curies":[{"name":"wp","href":"https:\/\/api.w.org\/{rel}","templated":true}]}}