{"id":2963,"date":"2026-03-12T00:08:07","date_gmt":"2026-03-11T23:08:07","guid":{"rendered":"http:\/\/antiquariat-steinbach.com\/rarebooks\/produkt\/die-oudry-ausgabe-der-fabeln-des-la-fontaine\/"},"modified":"2026-03-12T00:08:07","modified_gmt":"2026-03-11T23:08:07","slug":"gaucheron-rocher-die-oudry-ausgabe-der-fabeln-des-la-fontaine","status":"publish","type":"product","link":"https:\/\/antiquariat-steinbach.com\/rarebooks\/produkt\/gaucheron-rocher-die-oudry-ausgabe-der-fabeln-des-la-fontaine\/","title":{"rendered":"Gaucheron, Rocher: &#8211;  Die Oudry-Ausgabe der Fabeln des La Fontaine."},"content":{"rendered":"<p>(Berlin, Terramare Presse 1929).<\/p>\n<p>25 : 16 cm. 23 Seiten, 1 Blatt Mit 8 montierten Faksimile-Tafeln. Original-Pappband mit dekorativem Buntpapierbezug.<\/p>\n<p>60,00 EUR<\/p>\n","protected":false},"excerpt":{"rendered":"<p>Eines von 300 numerierten Exemplaren f\u00fcr die Teilnehmer des Jahresfestes der Maximilian-Gesellschaft, zum Andenken an Oscar Jolles. Deutsceh \u00dcbertragung des Aufsatzes aus der franz\u00f6sischen Zeitschrift &#8218;Art et Metiers graphiques&#8216; (1. Jahrgang, Heft 2, 1927). Hervorragende Arbeit \u00fcber die Entstehungsgeschichte eines der buchk\u00fcnstlerischen Meisterwerke des 18. Jahrhunderts und dessen Vertrieb, der Folio-Ausgabe von La Fontaine&#8217;s &#8218;Fables choisies&#8216; mit den Illustrationen von Jean Baptiste Oudry 1755 bis 1760 in 4 B\u00e4nden.<\/p>\n","protected":false},"featured_media":0,"template":"","meta":[],"product_brand":[],"product_cat":[85,32,914],"product_tag":[],"class_list":{"0":"post-2963","1":"product","2":"type-product","3":"status-publish","5":"product_cat-bibliophilie","6":"product_cat-literatur","7":"product_cat-zvab","9":"first","10":"instock","11":"purchasable","12":"product-type-simple"},"_links":{"self":[{"href":"https:\/\/antiquariat-steinbach.com\/rarebooks\/wp-json\/wp\/v2\/product\/2963","targetHints":{"allow":["GET"]}}],"collection":[{"href":"https:\/\/antiquariat-steinbach.com\/rarebooks\/wp-json\/wp\/v2\/product"}],"about":[{"href":"https:\/\/antiquariat-steinbach.com\/rarebooks\/wp-json\/wp\/v2\/types\/product"}],"version-history":[{"count":3,"href":"https:\/\/antiquariat-steinbach.com\/rarebooks\/wp-json\/wp\/v2\/product\/2963\/revisions"}],"predecessor-version":[{"id":19500,"href":"https:\/\/antiquariat-steinbach.com\/rarebooks\/wp-json\/wp\/v2\/product\/2963\/revisions\/19500"}],"wp:attachment":[{"href":"https:\/\/antiquariat-steinbach.com\/rarebooks\/wp-json\/wp\/v2\/media?parent=2963"}],"wp:term":[{"taxonomy":"product_brand","embeddable":true,"href":"https:\/\/antiquariat-steinbach.com\/rarebooks\/wp-json\/wp\/v2\/product_brand?post=2963"},{"taxonomy":"product_cat","embeddable":true,"href":"https:\/\/antiquariat-steinbach.com\/rarebooks\/wp-json\/wp\/v2\/product_cat?post=2963"},{"taxonomy":"product_tag","embeddable":true,"href":"https:\/\/antiquariat-steinbach.com\/rarebooks\/wp-json\/wp\/v2\/product_tag?post=2963"}],"curies":[{"name":"wp","href":"https:\/\/api.w.org\/{rel}","templated":true}]}}