{"id":2951,"date":"2026-03-12T00:08:02","date_gmt":"2026-03-11T23:08:02","guid":{"rendered":"http:\/\/antiquariat-steinbach.com\/rarebooks\/produkt\/der-kurort-gieshuebl-puchstein-bei-karlsbad-und-seine-quellen\/"},"modified":"2026-03-12T00:08:02","modified_gmt":"2026-03-11T23:08:02","slug":"gastl-der-kurort-gieshuebl-puchstein-bei-karlsbad-und-seine-quellen","status":"publish","type":"product","link":"https:\/\/antiquariat-steinbach.com\/rarebooks\/produkt\/gastl-der-kurort-gieshuebl-puchstein-bei-karlsbad-und-seine-quellen\/","title":{"rendered":"Gastl: &#8211;  Der Kurort Giesh\u00fcbl-Puchstein bei Karlsbad und seine Quellen."},"content":{"rendered":"<p>Z\u00fcrich, Orell F\u00fcssli o.J. (um 1890).<\/p>\n<p>18,5 : 12 cm. 63 Seiten mit 28 teils doppelblattgro\u00dfen Textholzstichen von J. Weber. Illustrierter Original-Karton.<\/p>\n<p>33,00 EUR<\/p>\n","protected":false},"excerpt":{"rendered":"<p>Europ\u00e4ische Wanderbilder Nr. 156\/57.<\/p>\n","protected":false},"featured_media":0,"template":"","meta":[],"product_brand":[],"product_cat":[72,65,914],"product_tag":[],"class_list":{"0":"post-2951","1":"product","2":"type-product","3":"status-publish","5":"product_cat-balneologie","6":"product_cat-geographie","7":"product_cat-zvab","9":"first","10":"instock","11":"purchasable","12":"product-type-simple"},"_links":{"self":[{"href":"https:\/\/antiquariat-steinbach.com\/rarebooks\/wp-json\/wp\/v2\/product\/2951","targetHints":{"allow":["GET"]}}],"collection":[{"href":"https:\/\/antiquariat-steinbach.com\/rarebooks\/wp-json\/wp\/v2\/product"}],"about":[{"href":"https:\/\/antiquariat-steinbach.com\/rarebooks\/wp-json\/wp\/v2\/types\/product"}],"version-history":[{"count":3,"href":"https:\/\/antiquariat-steinbach.com\/rarebooks\/wp-json\/wp\/v2\/product\/2951\/revisions"}],"predecessor-version":[{"id":19492,"href":"https:\/\/antiquariat-steinbach.com\/rarebooks\/wp-json\/wp\/v2\/product\/2951\/revisions\/19492"}],"wp:attachment":[{"href":"https:\/\/antiquariat-steinbach.com\/rarebooks\/wp-json\/wp\/v2\/media?parent=2951"}],"wp:term":[{"taxonomy":"product_brand","embeddable":true,"href":"https:\/\/antiquariat-steinbach.com\/rarebooks\/wp-json\/wp\/v2\/product_brand?post=2951"},{"taxonomy":"product_cat","embeddable":true,"href":"https:\/\/antiquariat-steinbach.com\/rarebooks\/wp-json\/wp\/v2\/product_cat?post=2951"},{"taxonomy":"product_tag","embeddable":true,"href":"https:\/\/antiquariat-steinbach.com\/rarebooks\/wp-json\/wp\/v2\/product_tag?post=2951"}],"curies":[{"name":"wp","href":"https:\/\/api.w.org\/{rel}","templated":true}]}}