{"id":2945,"date":"2026-03-12T00:08:02","date_gmt":"2026-03-11T23:08:02","guid":{"rendered":"http:\/\/antiquariat-steinbach.com\/rarebooks\/produkt\/patenanmeldung-patent-application-eines-pneumo-hydraulischen-systems-der-gasbeleuchtung\/"},"modified":"2026-03-12T00:08:02","modified_gmt":"2026-03-11T23:08:02","slug":"gas-lighting-gasbeleuchtung-patenanmeldung-patent-application-eines-pneumo-hydraulischen-systems-der-gasbeleuchtung","status":"publish","type":"product","link":"https:\/\/antiquariat-steinbach.com\/rarebooks\/produkt\/gas-lighting-gasbeleuchtung-patenanmeldung-patent-application-eines-pneumo-hydraulischen-systems-der-gasbeleuchtung\/","title":{"rendered":"Gas lighting &#8211; Gasbeleuchtung &#8211;   Patenanmeldung (patent application) eines &#8222;Pneumo-hydraulischen Systems der Gasbeleuchtung&#8220;."},"content":{"rendered":"<p>Wien, J\u00e4nner 1884<\/p>\n<p>36 : 24 cm. 7 1\/2 Seiten auf 4 Blatt, mit 2 dazugeh\u00f6rigen Modellzeichnungen auf separaten Bl\u00e4ttern (500:647 mm und 485:318 mm).<\/p>\n<p>1200,00 EUR<\/p>\n","protected":false},"excerpt":{"rendered":"<p>Bei dem Erfinder, der durch die Firma Paget &#038; Moeller &#8211; dem ersten (internationalen) Privilegien (Patent-) B\u00fcros in Wien &#8211; vertreten wurde, handelt es sich um einen gewissen &#8222;Victor Popp in wien&#8220;, der wohl ident ist mit dem Wiener Uhrmacher gleichen Namens, der 1879 nach Frankreich \u00fcbersiedelt war und dort der &#8222;Companie G\u00e9n\u00e9rale des Horologes Pneumatiques Syst\u00e9me Popp-Resch&#8220; vorstand, die ab 1879 in Paris ein Netz von \u00fcber 50 km Luftdruckleitungen errichtete, an das um die 8000 pneumatische Nebenuhren angeschlossen waren. &#8211; Das vorliegende Mansukript beschreibtdetailliert die Funktionsweise des pneumo-hydraulischen Systems, der &#8222;verschiedenen nothwendigen Apparate&#8220; und des &#8222;Quecksilberregulators f\u00fcr comprimirte Gase&#8220;. &#8211; Jewiels mit Stmpel der K.K. Priv.-Archiv. &#8211; Mit dem Original-Kuvert mit Siegel (etwas besch\u00e4digt). &#8211; Gefaltet.<\/p>\n","protected":false},"featured_media":14579,"template":"","meta":[],"product_brand":[],"product_cat":[81,482,143,147,77,914],"product_tag":[],"class_list":{"0":"post-2945","1":"product","2":"type-product","3":"status-publish","4":"has-post-thumbnail","6":"product_cat-chemie","7":"product_cat-erfindungen","8":"product_cat-francais","9":"product_cat-manuskripte","10":"product_cat-technik","11":"product_cat-zvab","13":"first","14":"instock","15":"purchasable","16":"product-type-simple"},"_links":{"self":[{"href":"https:\/\/antiquariat-steinbach.com\/rarebooks\/wp-json\/wp\/v2\/product\/2945","targetHints":{"allow":["GET"]}}],"collection":[{"href":"https:\/\/antiquariat-steinbach.com\/rarebooks\/wp-json\/wp\/v2\/product"}],"about":[{"href":"https:\/\/antiquariat-steinbach.com\/rarebooks\/wp-json\/wp\/v2\/types\/product"}],"version-history":[{"count":3,"href":"https:\/\/antiquariat-steinbach.com\/rarebooks\/wp-json\/wp\/v2\/product\/2945\/revisions"}],"predecessor-version":[{"id":19490,"href":"https:\/\/antiquariat-steinbach.com\/rarebooks\/wp-json\/wp\/v2\/product\/2945\/revisions\/19490"}],"wp:featuredmedia":[{"embeddable":true,"href":"https:\/\/antiquariat-steinbach.com\/rarebooks\/wp-json\/wp\/v2\/media\/14579"}],"wp:attachment":[{"href":"https:\/\/antiquariat-steinbach.com\/rarebooks\/wp-json\/wp\/v2\/media?parent=2945"}],"wp:term":[{"taxonomy":"product_brand","embeddable":true,"href":"https:\/\/antiquariat-steinbach.com\/rarebooks\/wp-json\/wp\/v2\/product_brand?post=2945"},{"taxonomy":"product_cat","embeddable":true,"href":"https:\/\/antiquariat-steinbach.com\/rarebooks\/wp-json\/wp\/v2\/product_cat?post=2945"},{"taxonomy":"product_tag","embeddable":true,"href":"https:\/\/antiquariat-steinbach.com\/rarebooks\/wp-json\/wp\/v2\/product_tag?post=2945"}],"curies":[{"name":"wp","href":"https:\/\/api.w.org\/{rel}","templated":true}]}}