{"id":2943,"date":"2026-03-12T00:07:00","date_gmt":"2026-03-11T23:07:00","guid":{"rendered":"http:\/\/antiquariat-steinbach.com\/rarebooks\/produkt\/vertraute-briefe-an-eine-freundin\/"},"modified":"2026-03-12T00:07:01","modified_gmt":"2026-03-11T23:07:01","slug":"garve-christian-vertraute-briefe-an-eine-freundin","status":"publish","type":"product","link":"https:\/\/antiquariat-steinbach.com\/rarebooks\/produkt\/garve-christian-vertraute-briefe-an-eine-freundin\/","title":{"rendered":"Garve, Christian. &#8211;  Vertraute Briefe an eine Freundin."},"content":{"rendered":"<p>Leipzig, Wolf, 1801.<\/p>\n<p>16,5 : 10,5 cm. VI, 266 Seiten. Pappband der Zeit.<\/p>\n<p>140,00 EUR<\/p>\n","protected":false},"excerpt":{"rendered":"<p>Erste Ausgabe. &#8211; Christian Garve (1742 &#8211; Breslau &#8211; 1798) verfasste die Briefe unmittelbar nach seiner Bearbeitung des Cicero. Sie sind an Fr\u00e4ulein Wallenberg aus charlottenbrunn gerichtet. Grave z\u00e4hlt neben Kant und Mendelsohn zu den bekanntesten Philosophen der Sp\u00e4taufkl\u00e4rung in Deutschland. &#8211; Einband teils berieben und bestossen, R\u00fccken mit Fehlstellen. &#8211; Goed. IV71, 508 a; Slg. Borst 891; Ziegenfu\u00df I, 375.<\/p>\n","protected":false},"featured_media":14578,"template":"","meta":[],"product_brand":[],"product_cat":[914],"product_tag":[],"class_list":{"0":"post-2943","1":"product","2":"type-product","3":"status-publish","4":"has-post-thumbnail","6":"product_cat-zvab","8":"first","9":"instock","10":"purchasable","11":"product-type-simple"},"_links":{"self":[{"href":"https:\/\/antiquariat-steinbach.com\/rarebooks\/wp-json\/wp\/v2\/product\/2943","targetHints":{"allow":["GET"]}}],"collection":[{"href":"https:\/\/antiquariat-steinbach.com\/rarebooks\/wp-json\/wp\/v2\/product"}],"about":[{"href":"https:\/\/antiquariat-steinbach.com\/rarebooks\/wp-json\/wp\/v2\/types\/product"}],"version-history":[{"count":3,"href":"https:\/\/antiquariat-steinbach.com\/rarebooks\/wp-json\/wp\/v2\/product\/2943\/revisions"}],"predecessor-version":[{"id":19489,"href":"https:\/\/antiquariat-steinbach.com\/rarebooks\/wp-json\/wp\/v2\/product\/2943\/revisions\/19489"}],"wp:featuredmedia":[{"embeddable":true,"href":"https:\/\/antiquariat-steinbach.com\/rarebooks\/wp-json\/wp\/v2\/media\/14578"}],"wp:attachment":[{"href":"https:\/\/antiquariat-steinbach.com\/rarebooks\/wp-json\/wp\/v2\/media?parent=2943"}],"wp:term":[{"taxonomy":"product_brand","embeddable":true,"href":"https:\/\/antiquariat-steinbach.com\/rarebooks\/wp-json\/wp\/v2\/product_brand?post=2943"},{"taxonomy":"product_cat","embeddable":true,"href":"https:\/\/antiquariat-steinbach.com\/rarebooks\/wp-json\/wp\/v2\/product_cat?post=2943"},{"taxonomy":"product_tag","embeddable":true,"href":"https:\/\/antiquariat-steinbach.com\/rarebooks\/wp-json\/wp\/v2\/product_tag?post=2943"}],"curies":[{"name":"wp","href":"https:\/\/api.w.org\/{rel}","templated":true}]}}