{"id":2913,"date":"2026-03-12T00:06:58","date_gmt":"2026-03-11T23:06:58","guid":{"rendered":"http:\/\/antiquariat-steinbach.com\/rarebooks\/produkt\/der-wohlberathene-bauer-simon-struef-allen-staenden-zum-nutzen-und-interesse-besonders-aber-jedem-bauer-und-landwirthe-ein-lehr-und-exempel-buch\/"},"modified":"2026-03-12T00:06:59","modified_gmt":"2026-03-11T23:06:59","slug":"fuerst-johann-evangelist-der-wohlberathene-bauer-simon-struef-allen-staenden-zum-nutzen-und-interesse-besonders-aber-jedem-bauer-und-landwirthe-ein-lehr-und-exempel-buch","status":"publish","type":"product","link":"https:\/\/antiquariat-steinbach.com\/rarebooks\/produkt\/fuerst-johann-evangelist-der-wohlberathene-bauer-simon-struef-allen-staenden-zum-nutzen-und-interesse-besonders-aber-jedem-bauer-und-landwirthe-ein-lehr-und-exempel-buch\/","title":{"rendered":"F\u00fcrst, Johann Evangelist: &#8211;  Der wohlberathene Bauer Simon Str\u00fcf&#8230;Allen St\u00e4nden zum Nutzen und Interesse, besonders aber jedem Bauer und Landwirthe ein Lehr- und Exempel-Buch."},"content":{"rendered":"<p>Augsburg, Kollmann 1841.<\/p>\n<p>5. verb. u. verm. Auflage. 2 Teile in 1 Band. 22 : 13,5 cm. 2 Blatt, 328 Seiten, 1 Blatt; 2 Blatt, 291 Seiten mit einigen Textholzschnitten. Pappband der Zeit.<\/p>\n<p>80,00 EUR<\/p>\n","protected":false},"excerpt":{"rendered":"<p>Mit dem Reihentitel: Lehr- und Exempel-Buch, worin sonnenklar gezeigt wird, wie der Ertrag des geringsten Gutes in kurzer Zeit au\u00dferordentlich erh\u00f6ht werden kann. &#8211; Umfassendes haus- und landwirtschaftliches Werk.  Einband berieben.<\/p>\n","protected":false},"featured_media":28360,"template":"","meta":[],"product_brand":[],"product_cat":[58,127,914],"product_tag":[],"class_list":{"0":"post-2913","1":"product","2":"type-product","3":"status-publish","4":"has-post-thumbnail","6":"product_cat-gastronomie","7":"product_cat-landwirtschaft","8":"product_cat-zvab","10":"first","11":"instock","12":"purchasable","13":"product-type-simple"},"_links":{"self":[{"href":"https:\/\/antiquariat-steinbach.com\/rarebooks\/wp-json\/wp\/v2\/product\/2913","targetHints":{"allow":["GET"]}}],"collection":[{"href":"https:\/\/antiquariat-steinbach.com\/rarebooks\/wp-json\/wp\/v2\/product"}],"about":[{"href":"https:\/\/antiquariat-steinbach.com\/rarebooks\/wp-json\/wp\/v2\/types\/product"}],"version-history":[{"count":3,"href":"https:\/\/antiquariat-steinbach.com\/rarebooks\/wp-json\/wp\/v2\/product\/2913\/revisions"}],"predecessor-version":[{"id":19476,"href":"https:\/\/antiquariat-steinbach.com\/rarebooks\/wp-json\/wp\/v2\/product\/2913\/revisions\/19476"}],"wp:featuredmedia":[{"embeddable":true,"href":"https:\/\/antiquariat-steinbach.com\/rarebooks\/wp-json\/wp\/v2\/media\/28360"}],"wp:attachment":[{"href":"https:\/\/antiquariat-steinbach.com\/rarebooks\/wp-json\/wp\/v2\/media?parent=2913"}],"wp:term":[{"taxonomy":"product_brand","embeddable":true,"href":"https:\/\/antiquariat-steinbach.com\/rarebooks\/wp-json\/wp\/v2\/product_brand?post=2913"},{"taxonomy":"product_cat","embeddable":true,"href":"https:\/\/antiquariat-steinbach.com\/rarebooks\/wp-json\/wp\/v2\/product_cat?post=2913"},{"taxonomy":"product_tag","embeddable":true,"href":"https:\/\/antiquariat-steinbach.com\/rarebooks\/wp-json\/wp\/v2\/product_tag?post=2913"}],"curies":[{"name":"wp","href":"https:\/\/api.w.org\/{rel}","templated":true}]}}