{"id":2909,"date":"2026-03-12T00:06:58","date_gmt":"2026-03-11T23:06:58","guid":{"rendered":"http:\/\/antiquariat-steinbach.com\/rarebooks\/produkt\/botanischer-taschenatllas-fuer-touristen-und-pflanzenfreunde\/"},"modified":"2026-03-12T00:06:58","modified_gmt":"2026-03-11T23:06:58","slug":"fuenfstueck-m-botanischer-taschenatllas-fuer-touristen-und-pflanzenfreunde","status":"publish","type":"product","link":"https:\/\/antiquariat-steinbach.com\/rarebooks\/produkt\/fuenfstueck-m-botanischer-taschenatllas-fuer-touristen-und-pflanzenfreunde\/","title":{"rendered":"F\u00fcnfst\u00fcck, M. &#8211;  Botanischer Taschenatllas f\u00fcr Touristen und Pflanzenfreunde."},"content":{"rendered":"<p>Stuttgart, N\u00e4gele, 1894.<\/p>\n<p>2. vermehrte und verbesserte Auflage. XXX, 158 Seiten, mit 128 kolorierten und 23 s\/w Tafeln. Original-Leinenband.<\/p>\n<p>30,00 EUR<\/p>\n","protected":false},"excerpt":{"rendered":"<p>Stuttgart, N\u00e4gele, 1894. 2. vermehrte und verbesserte Auflage. XXX, 158 Seiten, mit 128 kolorierten und 23 s\/w Tafeln. Original-Leinenband. 30,00&hellip;<\/p>\n","protected":false},"featured_media":0,"template":"","meta":[],"product_brand":[],"product_cat":[37,914],"product_tag":[],"class_list":{"0":"post-2909","1":"product","2":"type-product","3":"status-publish","5":"product_cat-botanik","6":"product_cat-zvab","8":"first","9":"instock","10":"purchasable","11":"product-type-simple"},"_links":{"self":[{"href":"https:\/\/antiquariat-steinbach.com\/rarebooks\/wp-json\/wp\/v2\/product\/2909","targetHints":{"allow":["GET"]}}],"collection":[{"href":"https:\/\/antiquariat-steinbach.com\/rarebooks\/wp-json\/wp\/v2\/product"}],"about":[{"href":"https:\/\/antiquariat-steinbach.com\/rarebooks\/wp-json\/wp\/v2\/types\/product"}],"version-history":[{"count":3,"href":"https:\/\/antiquariat-steinbach.com\/rarebooks\/wp-json\/wp\/v2\/product\/2909\/revisions"}],"predecessor-version":[{"id":19474,"href":"https:\/\/antiquariat-steinbach.com\/rarebooks\/wp-json\/wp\/v2\/product\/2909\/revisions\/19474"}],"wp:attachment":[{"href":"https:\/\/antiquariat-steinbach.com\/rarebooks\/wp-json\/wp\/v2\/media?parent=2909"}],"wp:term":[{"taxonomy":"product_brand","embeddable":true,"href":"https:\/\/antiquariat-steinbach.com\/rarebooks\/wp-json\/wp\/v2\/product_brand?post=2909"},{"taxonomy":"product_cat","embeddable":true,"href":"https:\/\/antiquariat-steinbach.com\/rarebooks\/wp-json\/wp\/v2\/product_cat?post=2909"},{"taxonomy":"product_tag","embeddable":true,"href":"https:\/\/antiquariat-steinbach.com\/rarebooks\/wp-json\/wp\/v2\/product_tag?post=2909"}],"curies":[{"name":"wp","href":"https:\/\/api.w.org\/{rel}","templated":true}]}}