{"id":2907,"date":"2026-03-12T00:06:58","date_gmt":"2026-03-11T23:06:58","guid":{"rendered":"http:\/\/antiquariat-steinbach.com\/rarebooks\/produkt\/2-skiozzen-entstanden-am-29-iii-1969-im-cafe-raimund\/"},"modified":"2026-03-12T00:06:58","modified_gmt":"2026-03-11T23:06:58","slug":"fuchs-rnst-2-skiozzen-entstanden-am-29-iii-1969-im-cafe-raimund","status":"publish","type":"product","link":"https:\/\/antiquariat-steinbach.com\/rarebooks\/produkt\/fuchs-rnst-2-skiozzen-entstanden-am-29-iii-1969-im-cafe-raimund\/","title":{"rendered":"Fuchs, rnst. &#8211;  2 Skiozzen, entstanden am 29.III. 1969 im Caf\u00e9 Raimund."},"content":{"rendered":"<p>Wien, Kaffee Raimund, 1969<\/p>\n<p>21 : 15 cm. 2 eigen h\u00e4ndige Skizzen ausgef\u00fchrt mit Kugelschreiber. In bezeichneten Papierumschlag.<\/p>\n<p>180,00 EUR<\/p>\n","protected":false},"excerpt":{"rendered":"<p>Die erste Skizze ist ein Grundri\u00df, Aufri\u00df und Dachgestaltung der Villa bei Lausanne\/Genfersee, rechts oben in Tinte bezeichnet Genfer See: Villa, rechts unten mit gekr\u00f6ntem Stempel R &#8211; Die zweite Skizze ist ein Grundri\u00df, Aufri\u00df und Dach f\u00fcr die Kapelle f\u00fcr den Schwarzenberg Park, rechts oben in Tinte bezeichnet Wien Kapelle, rechts unten mit gekr\u00f6ntem Stempel R.<\/p>\n","protected":false},"featured_media":14572,"template":"","meta":[],"product_brand":[],"product_cat":[29,48,71,30,914],"product_tag":[],"class_list":{"0":"post-2907","1":"product","2":"type-product","3":"status-publish","4":"has-post-thumbnail","6":"product_cat-20-jahrhundert","7":"product_cat-architektur","8":"product_cat-austriaca","9":"product_cat-malerei","10":"product_cat-zvab","12":"first","13":"instock","14":"purchasable","15":"product-type-simple"},"_links":{"self":[{"href":"https:\/\/antiquariat-steinbach.com\/rarebooks\/wp-json\/wp\/v2\/product\/2907","targetHints":{"allow":["GET"]}}],"collection":[{"href":"https:\/\/antiquariat-steinbach.com\/rarebooks\/wp-json\/wp\/v2\/product"}],"about":[{"href":"https:\/\/antiquariat-steinbach.com\/rarebooks\/wp-json\/wp\/v2\/types\/product"}],"version-history":[{"count":3,"href":"https:\/\/antiquariat-steinbach.com\/rarebooks\/wp-json\/wp\/v2\/product\/2907\/revisions"}],"predecessor-version":[{"id":19473,"href":"https:\/\/antiquariat-steinbach.com\/rarebooks\/wp-json\/wp\/v2\/product\/2907\/revisions\/19473"}],"wp:featuredmedia":[{"embeddable":true,"href":"https:\/\/antiquariat-steinbach.com\/rarebooks\/wp-json\/wp\/v2\/media\/14572"}],"wp:attachment":[{"href":"https:\/\/antiquariat-steinbach.com\/rarebooks\/wp-json\/wp\/v2\/media?parent=2907"}],"wp:term":[{"taxonomy":"product_brand","embeddable":true,"href":"https:\/\/antiquariat-steinbach.com\/rarebooks\/wp-json\/wp\/v2\/product_brand?post=2907"},{"taxonomy":"product_cat","embeddable":true,"href":"https:\/\/antiquariat-steinbach.com\/rarebooks\/wp-json\/wp\/v2\/product_cat?post=2907"},{"taxonomy":"product_tag","embeddable":true,"href":"https:\/\/antiquariat-steinbach.com\/rarebooks\/wp-json\/wp\/v2\/product_tag?post=2907"}],"curies":[{"name":"wp","href":"https:\/\/api.w.org\/{rel}","templated":true}]}}