{"id":2905,"date":"2026-03-12T00:06:58","date_gmt":"2026-03-11T23:06:58","guid":{"rendered":"http:\/\/antiquariat-steinbach.com\/rarebooks\/produkt\/guten-morgen-vauo\/"},"modified":"2026-03-12T00:06:58","modified_gmt":"2026-03-11T23:06:58","slug":"fuchs-guenter-bruno-und-harry-pross-guten-morgen-vauo","status":"publish","type":"product","link":"https:\/\/antiquariat-steinbach.com\/rarebooks\/produkt\/fuchs-guenter-bruno-und-harry-pross-guten-morgen-vauo\/","title":{"rendered":"Fuchs, G\u00fcnter Bruno und Harry Pross: &#8211;  guten morgen vauo."},"content":{"rendered":"<p>Frankfurt\/Main, Europ\u00e4ische Verlagsanstalt 1962.<\/p>\n<p>20 : 20 cm. 255 Seiten, 4 Blatt Mit sehr vielen Illustrationen. Farbig illustrierter Original-Umschlag.<\/p>\n<p>35,00 EUR<\/p>\n","protected":false},"excerpt":{"rendered":"<p>Festschrift f\u00fcr den gro\u00dfen Drucker, Schriftsteller und Entdecker und F\u00f6rderer zahlreichen junger Talente. Unter den Illustratoren Ali Schindeh\u00fctte, Johannes Vennekamp, G\u00fcnter Bruno Fuchs, Bernhard J\u00e4ger, Alfred Kubin, Ludwig Meidner u.v.a.<\/p>\n","protected":false},"featured_media":16700,"template":"","meta":[],"product_brand":[],"product_cat":[29,43,32,914],"product_tag":[],"class_list":{"0":"post-2905","1":"product","2":"type-product","3":"status-publish","4":"has-post-thumbnail","6":"product_cat-20-jahrhundert","7":"product_cat-illustrierte-buecher","8":"product_cat-literatur","9":"product_cat-zvab","11":"first","12":"instock","13":"purchasable","14":"product-type-simple"},"_links":{"self":[{"href":"https:\/\/antiquariat-steinbach.com\/rarebooks\/wp-json\/wp\/v2\/product\/2905","targetHints":{"allow":["GET"]}}],"collection":[{"href":"https:\/\/antiquariat-steinbach.com\/rarebooks\/wp-json\/wp\/v2\/product"}],"about":[{"href":"https:\/\/antiquariat-steinbach.com\/rarebooks\/wp-json\/wp\/v2\/types\/product"}],"version-history":[{"count":4,"href":"https:\/\/antiquariat-steinbach.com\/rarebooks\/wp-json\/wp\/v2\/product\/2905\/revisions"}],"predecessor-version":[{"id":19472,"href":"https:\/\/antiquariat-steinbach.com\/rarebooks\/wp-json\/wp\/v2\/product\/2905\/revisions\/19472"}],"wp:featuredmedia":[{"embeddable":true,"href":"https:\/\/antiquariat-steinbach.com\/rarebooks\/wp-json\/wp\/v2\/media\/16700"}],"wp:attachment":[{"href":"https:\/\/antiquariat-steinbach.com\/rarebooks\/wp-json\/wp\/v2\/media?parent=2905"}],"wp:term":[{"taxonomy":"product_brand","embeddable":true,"href":"https:\/\/antiquariat-steinbach.com\/rarebooks\/wp-json\/wp\/v2\/product_brand?post=2905"},{"taxonomy":"product_cat","embeddable":true,"href":"https:\/\/antiquariat-steinbach.com\/rarebooks\/wp-json\/wp\/v2\/product_cat?post=2905"},{"taxonomy":"product_tag","embeddable":true,"href":"https:\/\/antiquariat-steinbach.com\/rarebooks\/wp-json\/wp\/v2\/product_tag?post=2905"}],"curies":[{"name":"wp","href":"https:\/\/api.w.org\/{rel}","templated":true}]}}