{"id":28905,"date":"2026-04-18T00:02:16","date_gmt":"2026-04-17T22:02:16","guid":{"rendered":"https:\/\/antiquariat-steinbach.com\/rarebooks\/produkt\/die-fackel-kraus-karl-die-fackel-4\/"},"modified":"2026-04-18T00:02:16","modified_gmt":"2026-04-17T22:02:16","slug":"die-fackel-kraus-karl-die-fackel-4","status":"publish","type":"product","link":"https:\/\/antiquariat-steinbach.com\/rarebooks\/produkt\/die-fackel-kraus-karl-die-fackel-4\/","title":{"rendered":"Die Fackel &#8211;   Kraus, Karl. &#8211;  Die Fackel."},"content":{"rendered":"<p>Wien, Verlag &#8218;Die Fackel&#8216;, 1904 &#8211; 1925.<\/p>\n<p>44 Hefte der Reihe gebunden in 11 Heften. 19 : 13 cm. Roten Original-Umschl\u00e4gen.<\/p>\n<p>50,00 EUR<\/p>\n","protected":false},"excerpt":{"rendered":"<p>Epochale satirische Zeitschrift, neben den &#8218;Letzten Tagen der Menschheit&#8216; das Hauptwerk von Karl Kraus. Ohne R\u00fccksicht auf Parteipolitische oder sonstige Bindungen, sagte er dem &#8218;rei\u00dferischen Journalismus&#8216; den Kampf an, und entickelte sich so zum vermutlich bedeutensten Vork\u00e4mpfer gegen die Verwahrlosung der deutschen Sprache. &#8211; Vorhanden sind die folgenden Hefte: 152 (2x in Photokopie)), 188 (2x), 501-507 (besch\u00e4digt), 521 &#8211; 530, 601-607 (etwas besch\u00e4digt), 632-639 (gering wasserrandig), 676-678, 691-696 (2x).<\/p>\n","protected":false},"featured_media":0,"template":"","meta":[],"product_brand":[],"product_cat":[29,32,90,52,914],"product_tag":[],"class_list":{"0":"post-28905","1":"product","2":"type-product","3":"status-publish","5":"product_cat-20-jahrhundert","6":"product_cat-literatur","7":"product_cat-viennensia","8":"product_cat-zeitschriften","9":"product_cat-zvab","11":"first","12":"instock","13":"purchasable","14":"product-type-simple"},"_links":{"self":[{"href":"https:\/\/antiquariat-steinbach.com\/rarebooks\/wp-json\/wp\/v2\/product\/28905","targetHints":{"allow":["GET"]}}],"collection":[{"href":"https:\/\/antiquariat-steinbach.com\/rarebooks\/wp-json\/wp\/v2\/product"}],"about":[{"href":"https:\/\/antiquariat-steinbach.com\/rarebooks\/wp-json\/wp\/v2\/types\/product"}],"version-history":[{"count":1,"href":"https:\/\/antiquariat-steinbach.com\/rarebooks\/wp-json\/wp\/v2\/product\/28905\/revisions"}],"predecessor-version":[{"id":28906,"href":"https:\/\/antiquariat-steinbach.com\/rarebooks\/wp-json\/wp\/v2\/product\/28905\/revisions\/28906"}],"wp:attachment":[{"href":"https:\/\/antiquariat-steinbach.com\/rarebooks\/wp-json\/wp\/v2\/media?parent=28905"}],"wp:term":[{"taxonomy":"product_brand","embeddable":true,"href":"https:\/\/antiquariat-steinbach.com\/rarebooks\/wp-json\/wp\/v2\/product_brand?post=28905"},{"taxonomy":"product_cat","embeddable":true,"href":"https:\/\/antiquariat-steinbach.com\/rarebooks\/wp-json\/wp\/v2\/product_cat?post=28905"},{"taxonomy":"product_tag","embeddable":true,"href":"https:\/\/antiquariat-steinbach.com\/rarebooks\/wp-json\/wp\/v2\/product_tag?post=28905"}],"curies":[{"name":"wp","href":"https:\/\/api.w.org\/{rel}","templated":true}]}}