{"id":2889,"date":"2026-03-12T00:06:55","date_gmt":"2026-03-11T23:06:55","guid":{"rendered":"http:\/\/antiquariat-steinbach.com\/rarebooks\/produkt\/zu-hause-in-der-schule-und-an-der-arbeitsstaette\/"},"modified":"2026-03-12T00:06:57","modified_gmt":"2026-03-11T23:06:57","slug":"fruehstueck-und-zwischenmahlzeiten-zu-hause-in-der-schule-und-an-der-arbeitsstaette","status":"publish","type":"product","link":"https:\/\/antiquariat-steinbach.com\/rarebooks\/produkt\/fruehstueck-und-zwischenmahlzeiten-zu-hause-in-der-schule-und-an-der-arbeitsstaette\/","title":{"rendered":"Fr\u00fchst\u00fcck und Zwischenmahlzeiten: &#8211;  Zu Hause, in der Schule und an der Arbeitsst\u00e4tte."},"content":{"rendered":"<p>Leipzig, Beyer o.J. (um 1940).<\/p>\n<p>26,5 : 17 cm. 24 Seiten mit vielen Abbildungen. Illustrierte Original-Broschur.<\/p>\n<p>15,00 EUR<\/p>\n","protected":false},"excerpt":{"rendered":"<p>Leipzig, Beyer o.J. (um 1940). 26,5 : 17 cm. 24 Seiten mit vielen Abbildungen. Illustrierte Original-Broschur. 15,00 EUR<\/p>\n","protected":false},"featured_media":0,"template":"","meta":[],"product_brand":[],"product_cat":[58,112,914],"product_tag":[],"class_list":{"0":"post-2889","1":"product","2":"type-product","3":"status-publish","5":"product_cat-gastronomie","6":"product_cat-kochbuecher","7":"product_cat-zvab","9":"first","10":"instock","11":"purchasable","12":"product-type-simple"},"_links":{"self":[{"href":"https:\/\/antiquariat-steinbach.com\/rarebooks\/wp-json\/wp\/v2\/product\/2889","targetHints":{"allow":["GET"]}}],"collection":[{"href":"https:\/\/antiquariat-steinbach.com\/rarebooks\/wp-json\/wp\/v2\/product"}],"about":[{"href":"https:\/\/antiquariat-steinbach.com\/rarebooks\/wp-json\/wp\/v2\/types\/product"}],"version-history":[{"count":3,"href":"https:\/\/antiquariat-steinbach.com\/rarebooks\/wp-json\/wp\/v2\/product\/2889\/revisions"}],"predecessor-version":[{"id":19466,"href":"https:\/\/antiquariat-steinbach.com\/rarebooks\/wp-json\/wp\/v2\/product\/2889\/revisions\/19466"}],"wp:attachment":[{"href":"https:\/\/antiquariat-steinbach.com\/rarebooks\/wp-json\/wp\/v2\/media?parent=2889"}],"wp:term":[{"taxonomy":"product_brand","embeddable":true,"href":"https:\/\/antiquariat-steinbach.com\/rarebooks\/wp-json\/wp\/v2\/product_brand?post=2889"},{"taxonomy":"product_cat","embeddable":true,"href":"https:\/\/antiquariat-steinbach.com\/rarebooks\/wp-json\/wp\/v2\/product_cat?post=2889"},{"taxonomy":"product_tag","embeddable":true,"href":"https:\/\/antiquariat-steinbach.com\/rarebooks\/wp-json\/wp\/v2\/product_tag?post=2889"}],"curies":[{"name":"wp","href":"https:\/\/api.w.org\/{rel}","templated":true}]}}