{"id":28870,"date":"2026-04-11T00:00:53","date_gmt":"2026-04-10T22:00:53","guid":{"rendered":"https:\/\/antiquariat-steinbach.com\/rarebooks\/produkt\/pusch-lukas-ohne-titel-lilium\/"},"modified":"2026-04-11T00:00:53","modified_gmt":"2026-04-10T22:00:53","slug":"pusch-lukas-ohne-titel-lilium","status":"publish","type":"product","link":"https:\/\/antiquariat-steinbach.com\/rarebooks\/produkt\/pusch-lukas-ohne-titel-lilium\/","title":{"rendered":"Pusch, Lukas. &#8211;  Ohne Titel. (Lilium)"},"content":{"rendered":"<p>Wien, 2016<\/p>\n<p>59,5 : 45 cm. Original Farbholzschnitt signiert und nummeriert. Unter Glas gerahmt.<\/p>\n<p>580,00 EUR<\/p>\n","protected":false},"excerpt":{"rendered":"<p>Eines von nur 10 nummerierten nund signierten Exemplaren, mit dem Stempel &#8218;Flora Sibirica Lucas Pusch&#8216;. Lukas Pusch, 1970 in Wien geboren, studierte Malerei an der Universit\u00e4t f\u00fcr angewandte Kunst in Wien, dem Surikov Institut in Moskau und der Hochschule f\u00fcr bildende K\u00fcnste Dresden. Im Laufe zahlreicher Reisen und Projekte in Sibirien, begann sich Lukas Pusch auch mit der Pflanzenwelt Sibiriens  zu besch\u00e4ftigen, im Zuge dessen entstand auch der vorliegende Holzschnitt. Seine Arbeitsweise kann als eine Kombination aus psychoanalytischer freier Assoziation und Recherche bezeichnet werden. Zu seinen spektakul\u00e4rsten und weltweit rezipierten Arbeiten z\u00e4hlt die Gr\u00fcndung der White Cube Gallery, Novosibirsk (2008), das erste Zentrum f\u00fcr Gegenwartskunst Sibiriens. Pusch sieht sein Werk auch als kompromisslosen Einsatz f\u00fcr die Unabh\u00e4ngikeit und Freiheit der Kunst. Mitte der 1990iger Jahre musste Pusch \u00d6sterreich verlassen, da er politisch in Ungnade gefallen war. Er ging nach Dresden wo er begann romantische Elbmotive auf kleinen Pappen zu malen. Er verstand dies als radikales Statement  f\u00fcr die Freiheit der Kunst und als scharfe Kritik an einem reaktion\u00e4ren Kunstbetrieb. Lieber kitischige Landschaften malen, als als ein staatlich subventionierter Auftragsk\u00fcnstler enden. Mit dieser Geste stellte er sich in die Bildtradition einer politisch verfolgten Avantgarde und Moderne. Es handelt sich um Arbeiten, deren vordergr\u00fcndig harmlose Motive eine enorme politische und gesellschaftliche Sprenkraft bergen. Gleichzeitig sind sie, \u00e4hnlich Gerhard Richters auf dem H\u00f6hepunkt der 68er- Bewegung gemalten Landschaften, ein Statement f\u00fcr die Kunst und gegen deren politische Instrumentalisierung und \u00dcberfrachtung.<\/p>\n","protected":false},"featured_media":0,"template":"","meta":[],"product_brand":[],"product_cat":[71,172,153,445,180,914],"product_tag":[],"class_list":{"0":"post-28870","1":"product","2":"type-product","3":"status-publish","5":"product_cat-austriaca","6":"product_cat-avantgarde-20-jahrhundert","7":"product_cat-graphik","8":"product_cat-pflanzen","9":"product_cat-russland","10":"product_cat-zvab","12":"first","13":"instock","14":"purchasable","15":"product-type-simple"},"_links":{"self":[{"href":"https:\/\/antiquariat-steinbach.com\/rarebooks\/wp-json\/wp\/v2\/product\/28870","targetHints":{"allow":["GET"]}}],"collection":[{"href":"https:\/\/antiquariat-steinbach.com\/rarebooks\/wp-json\/wp\/v2\/product"}],"about":[{"href":"https:\/\/antiquariat-steinbach.com\/rarebooks\/wp-json\/wp\/v2\/types\/product"}],"version-history":[{"count":0,"href":"https:\/\/antiquariat-steinbach.com\/rarebooks\/wp-json\/wp\/v2\/product\/28870\/revisions"}],"wp:attachment":[{"href":"https:\/\/antiquariat-steinbach.com\/rarebooks\/wp-json\/wp\/v2\/media?parent=28870"}],"wp:term":[{"taxonomy":"product_brand","embeddable":true,"href":"https:\/\/antiquariat-steinbach.com\/rarebooks\/wp-json\/wp\/v2\/product_brand?post=28870"},{"taxonomy":"product_cat","embeddable":true,"href":"https:\/\/antiquariat-steinbach.com\/rarebooks\/wp-json\/wp\/v2\/product_cat?post=28870"},{"taxonomy":"product_tag","embeddable":true,"href":"https:\/\/antiquariat-steinbach.com\/rarebooks\/wp-json\/wp\/v2\/product_tag?post=28870"}],"curies":[{"name":"wp","href":"https:\/\/api.w.org\/{rel}","templated":true}]}}