{"id":28647,"date":"2026-03-12T00:28:37","date_gmt":"2026-03-11T23:28:37","guid":{"rendered":"https:\/\/antiquariat-steinbach.com\/rarebooks\/produkt\/zechner-johannes-narzis-und-echo\/"},"modified":"2026-03-12T00:28:39","modified_gmt":"2026-03-11T23:28:39","slug":"zechner-johannes-narzis-und-echo","status":"publish","type":"product","link":"https:\/\/antiquariat-steinbach.com\/rarebooks\/produkt\/zechner-johannes-narzis-und-echo\/","title":{"rendered":"Zechner, Johannes. &#8211;  Narzis und Echo."},"content":{"rendered":"<p>Graz, Dorschel, 1983.<\/p>\n<p>33 : 25 cm                      3 (statt 4) signierte, nummerierte und bezeichnete Original Radierungen von Johannes Zechner<\/p>\n<p>400,00 EUR<\/p>\n","protected":false},"excerpt":{"rendered":"<p>Ohne das zweite Blatt der Serie, daf\u00fcr beiliegend eine Original-Radierunge \u00c8ros, signiert, datiert, bezeichnet und nummeriert. &#8211; Johanes Zechner (* 26. November 1953 in Klagenfurt) ist ein \u00f6sterreichischer bildender K\u00fcnstler. Er lebt in Graz. &#8211; Johanes Zechner z\u00e4hlt zu den wichtigsten Vertretern der \u201eNeuen Malerei\u201c in \u00d6sterreich. Er studierte Druckgrafik und Malerei an der Wiener Akademie der bildenden K\u00fcnste (1972\u20131978) und am Royal College of Art London. Er ist in zahlreichen internationalen Sammlungen und Museen vertreten. &#8211; Zechners k\u00fcnstlerische Strategie seit 1985 besteht aus dem kontinuierlichen Wechsel seines Lebensmittelpunktes, die ihn zu immer neuen Erfahrungen und ortsspezifischem Arbeiten anregt. Resultat dieser meist l\u00e4ngeren Aufenthalte in europ\u00e4ischen St\u00e4dten (Wien, K\u00f6ln, Berlin, London, Prag, zuletzt Hamburg) und l\u00e4ngeren Projektreisen in zahlreiche L\u00e4nder der Welt (Irland, Israel, Indien, USA, Ghana, Patagonien, Jugoslawien, Griechenland u. a.) ist ein \u0152uvre, das aus verschiedenen malerischen und druckgrafischen Werkgruppen besteht:   ABC-Bilder (1982)   Neue Spiele (1984\u20131986)   Kofferarbeiten (mit Bildern gef\u00fcllte Koffer) (seit 1986).<\/p>\n","protected":false},"featured_media":0,"template":"","meta":[],"product_brand":[],"product_cat":[71,153,317,914],"product_tag":[],"class_list":{"0":"post-28647","1":"product","2":"type-product","3":"status-publish","5":"product_cat-austriaca","6":"product_cat-graphik","7":"product_cat-kuenstlergraphik","8":"product_cat-zvab","10":"first","11":"instock","12":"purchasable","13":"product-type-simple"},"_links":{"self":[{"href":"https:\/\/antiquariat-steinbach.com\/rarebooks\/wp-json\/wp\/v2\/product\/28647","targetHints":{"allow":["GET"]}}],"collection":[{"href":"https:\/\/antiquariat-steinbach.com\/rarebooks\/wp-json\/wp\/v2\/product"}],"about":[{"href":"https:\/\/antiquariat-steinbach.com\/rarebooks\/wp-json\/wp\/v2\/types\/product"}],"version-history":[{"count":1,"href":"https:\/\/antiquariat-steinbach.com\/rarebooks\/wp-json\/wp\/v2\/product\/28647\/revisions"}],"predecessor-version":[{"id":28648,"href":"https:\/\/antiquariat-steinbach.com\/rarebooks\/wp-json\/wp\/v2\/product\/28647\/revisions\/28648"}],"wp:attachment":[{"href":"https:\/\/antiquariat-steinbach.com\/rarebooks\/wp-json\/wp\/v2\/media?parent=28647"}],"wp:term":[{"taxonomy":"product_brand","embeddable":true,"href":"https:\/\/antiquariat-steinbach.com\/rarebooks\/wp-json\/wp\/v2\/product_brand?post=28647"},{"taxonomy":"product_cat","embeddable":true,"href":"https:\/\/antiquariat-steinbach.com\/rarebooks\/wp-json\/wp\/v2\/product_cat?post=28647"},{"taxonomy":"product_tag","embeddable":true,"href":"https:\/\/antiquariat-steinbach.com\/rarebooks\/wp-json\/wp\/v2\/product_tag?post=28647"}],"curies":[{"name":"wp","href":"https:\/\/api.w.org\/{rel}","templated":true}]}}