{"id":28643,"date":"2026-03-12T00:24:37","date_gmt":"2026-03-11T23:24:37","guid":{"rendered":"https:\/\/antiquariat-steinbach.com\/rarebooks\/produkt\/theology-weisslinger-johann-nicolaus-hoechst-nothwendige-schutz-schrifft-des-scharff-angeklagten-doch-aber-ganz-unschuldig-befundenen-lutherthums-wider-den-grossachtbarn-hochgelahrten-und\/"},"modified":"2026-03-12T00:24:39","modified_gmt":"2026-03-11T23:24:39","slug":"theology-weisslinger-johann-nicolaus-hoechst-nothwendige-schutz-schrifft-des-scharff-angeklagten-doch-aber-ganz-unschuldig-befundenen-lutherthums-wider-den-grossachtbarn-hochgelahrten-und","status":"publish","type":"product","link":"https:\/\/antiquariat-steinbach.com\/rarebooks\/produkt\/theology-weisslinger-johann-nicolaus-hoechst-nothwendige-schutz-schrifft-des-scharff-angeklagten-doch-aber-ganz-unschuldig-befundenen-lutherthums-wider-den-grossachtbarn-hochgelahrten-und\/","title":{"rendered":"* Theology &#8211;   Wei\u00dflinger, Johann Nicolaus. &#8211;  H\u00f6chst-nothwendige Schutz-Schrifft Des scharff angeklagten, doch aber ganz unschuldig befundenen Lutherthums Wider Den Gro\u00dfachtbarn, Hochgelahrten und Weltbr\u00fchmten Herrn, Herrn Daniel Maichel."},"content":{"rendered":"<p>Konstanz, Bez, 1742.<\/p>\n<p>2. Auflage. 2 B\u00e4nde 17 : 10 cm. 24 Blatt, 69, 723 Seiten, 1 Blatt, 12 gestochene Kupfertafeln, inkl. Frontispiece; 864 Seiten, 2 Blatt, 7 Kupfertafeln. Lederband der Zeit mit reicher R\u00fcckenvergoldung, 2 R\u00fcckenschilder.<\/p>\n<p>750,00 EUR<\/p>\n","protected":false},"excerpt":{"rendered":"<p>Polemische Streitschrift gegen das Luthertum, des katholischen Pfarrers Johann Nikolaus Weislinger (1691-1755). Die Kpufertafeln mit Portraits (Luther, Melanchthon), Wappen und M\u00fcnzen. &#8211; Die Kupfer in Band 2 nummeriert 13 &#8211; 19.  &#8211; Der Autor (1691-1755) war katholischer Theologe, dessen meist polemische antiprotestantische Schriften wie &#8222;Friss Vogel oder stirb&#8220; weite Verbreitung fanden. Sch\u00f6nes Exemplar. Item details Extremely necessary protective text of Lutheranism, which was sharply accused but found to be completely innocent. Against the great, highly learned and world-famous gentleman, Mr. Daniel Maichel. Made for the gentlemen Lutherans for a strange heartfelt consolation and published in 2 parts,<\/p>\n","protected":false},"featured_media":28645,"template":"","meta":[],"product_brand":[],"product_cat":[260,74,59,110,914],"product_tag":[],"class_list":{"0":"post-28643","1":"product","2":"type-product","3":"status-publish","4":"has-post-thumbnail","6":"product_cat-alte-drucke","7":"product_cat-deutschland","8":"product_cat-kulturgeschichte","9":"product_cat-theologie","10":"product_cat-zvab","12":"first","13":"instock","14":"purchasable","15":"product-type-simple"},"_links":{"self":[{"href":"https:\/\/antiquariat-steinbach.com\/rarebooks\/wp-json\/wp\/v2\/product\/28643","targetHints":{"allow":["GET"]}}],"collection":[{"href":"https:\/\/antiquariat-steinbach.com\/rarebooks\/wp-json\/wp\/v2\/product"}],"about":[{"href":"https:\/\/antiquariat-steinbach.com\/rarebooks\/wp-json\/wp\/v2\/types\/product"}],"version-history":[{"count":1,"href":"https:\/\/antiquariat-steinbach.com\/rarebooks\/wp-json\/wp\/v2\/product\/28643\/revisions"}],"predecessor-version":[{"id":28644,"href":"https:\/\/antiquariat-steinbach.com\/rarebooks\/wp-json\/wp\/v2\/product\/28643\/revisions\/28644"}],"wp:featuredmedia":[{"embeddable":true,"href":"https:\/\/antiquariat-steinbach.com\/rarebooks\/wp-json\/wp\/v2\/media\/28645"}],"wp:attachment":[{"href":"https:\/\/antiquariat-steinbach.com\/rarebooks\/wp-json\/wp\/v2\/media?parent=28643"}],"wp:term":[{"taxonomy":"product_brand","embeddable":true,"href":"https:\/\/antiquariat-steinbach.com\/rarebooks\/wp-json\/wp\/v2\/product_brand?post=28643"},{"taxonomy":"product_cat","embeddable":true,"href":"https:\/\/antiquariat-steinbach.com\/rarebooks\/wp-json\/wp\/v2\/product_cat?post=28643"},{"taxonomy":"product_tag","embeddable":true,"href":"https:\/\/antiquariat-steinbach.com\/rarebooks\/wp-json\/wp\/v2\/product_tag?post=28643"}],"curies":[{"name":"wp","href":"https:\/\/api.w.org\/{rel}","templated":true}]}}