{"id":28639,"date":"2026-03-12T00:24:37","date_gmt":"2026-03-11T23:24:37","guid":{"rendered":"https:\/\/antiquariat-steinbach.com\/rarebooks\/produkt\/theologie-pius-pope-johann-heinrich-boecler-johann-georg-von-kulpis-aeneae-silvii-episcopi-senensis-postea-pii-papae-ii-historia-rerum-friderici-tertii-imperatoris-exmscto-optimae-notae\/"},"modified":"2026-03-12T00:24:38","modified_gmt":"2026-03-11T23:24:38","slug":"theologie-pius-pope-johann-heinrich-boecler-johann-georg-von-kulpis-aeneae-silvii-episcopi-senensis-postea-pii-papae-ii-historia-rerum-friderici-tertii-imperatoris-exmscto-optimae-notae","status":"publish","type":"product","link":"https:\/\/antiquariat-steinbach.com\/rarebooks\/produkt\/theologie-pius-pope-johann-heinrich-boecler-johann-georg-von-kulpis-aeneae-silvii-episcopi-senensis-postea-pii-papae-ii-historia-rerum-friderici-tertii-imperatoris-exmscto-optimae-notae\/","title":{"rendered":"Theologie &#8211;   Pius, Pope, Johann Heinrich Boecler, Johann Georg von Kulpis. &#8211;  Aeneae Silvii, episcopi senensis postea Pii papae II. Historia rerum Friderici Tertii imperatoris exmscto optimae notae"},"content":{"rendered":"<p>Stra\u00dfburg, Staedel &#038; Spoor, 1685.<\/p>\n<p>34 : 21 cm. Titelkupfer, 4 Blatt, 148, 320 Seiten, Seiten 1 &#8211; 44, 1 w. Blatt, Seiten 45 &#8211; 339, 340 &#8211; 377, 98 Seiten, 34 Blatt Register, mit zusammen  17 teils doppelblattgro\u00dfen Kupfern Lederband der Zeit, R\u00fcckenschild.<\/p>\n<p>750,00 EUR<\/p>\n","protected":false},"excerpt":{"rendered":"<p>Erste Ausgabe. &#8211; Mit dem Anhang &#8218;Chronica de principibvs terrae Bavarorvm&#8216;. Die teils doppelblatt gro\u00dfen, teils gefalteten Kupfer zeigen M\u00fcnzen, Medaillen, Portraits etc. und einige Textholzschnitte. &#8211;  Der von Johann Heinrich Boeckler herausgegebene Sammelband zur Geschichte Kaiser Friedrichs III. versammelt neben dem Werk Aenea Silvio Piccolominis (des sp\u00e4teren Papstes Pius II.) auch zahlreiche mittelalterliche Quellentexte zur Geschichte des Kaisertums unter den Karolingern wie auch im Hochmittelalter (z. B. Dichtungen \u00fcber Karl den Gro\u00dfen, Albert von Stade). &#8211; Stellenweise gebr\u00e4unt bzw. fleckig, die Kupfer sauber und fleckenfrei; Einband teils berieben und besto\u00dfen.<\/p>\n","protected":false},"featured_media":28641,"template":"","meta":[],"product_brand":[],"product_cat":[260,116,74,97,59,914],"product_tag":[],"class_list":{"0":"post-28639","1":"product","2":"type-product","3":"status-publish","4":"has-post-thumbnail","6":"product_cat-alte-drucke","7":"product_cat-bavarica","8":"product_cat-deutschland","9":"product_cat-geschichte","10":"product_cat-kulturgeschichte","11":"product_cat-zvab","13":"first","14":"instock","15":"purchasable","16":"product-type-simple"},"_links":{"self":[{"href":"https:\/\/antiquariat-steinbach.com\/rarebooks\/wp-json\/wp\/v2\/product\/28639","targetHints":{"allow":["GET"]}}],"collection":[{"href":"https:\/\/antiquariat-steinbach.com\/rarebooks\/wp-json\/wp\/v2\/product"}],"about":[{"href":"https:\/\/antiquariat-steinbach.com\/rarebooks\/wp-json\/wp\/v2\/types\/product"}],"version-history":[{"count":1,"href":"https:\/\/antiquariat-steinbach.com\/rarebooks\/wp-json\/wp\/v2\/product\/28639\/revisions"}],"predecessor-version":[{"id":28640,"href":"https:\/\/antiquariat-steinbach.com\/rarebooks\/wp-json\/wp\/v2\/product\/28639\/revisions\/28640"}],"wp:featuredmedia":[{"embeddable":true,"href":"https:\/\/antiquariat-steinbach.com\/rarebooks\/wp-json\/wp\/v2\/media\/28641"}],"wp:attachment":[{"href":"https:\/\/antiquariat-steinbach.com\/rarebooks\/wp-json\/wp\/v2\/media?parent=28639"}],"wp:term":[{"taxonomy":"product_brand","embeddable":true,"href":"https:\/\/antiquariat-steinbach.com\/rarebooks\/wp-json\/wp\/v2\/product_brand?post=28639"},{"taxonomy":"product_cat","embeddable":true,"href":"https:\/\/antiquariat-steinbach.com\/rarebooks\/wp-json\/wp\/v2\/product_cat?post=28639"},{"taxonomy":"product_tag","embeddable":true,"href":"https:\/\/antiquariat-steinbach.com\/rarebooks\/wp-json\/wp\/v2\/product_tag?post=28639"}],"curies":[{"name":"wp","href":"https:\/\/api.w.org\/{rel}","templated":true}]}}