{"id":2861,"date":"2026-03-12T00:06:51","date_gmt":"2026-03-11T23:06:51","guid":{"rendered":"http:\/\/antiquariat-steinbach.com\/rarebooks\/produkt\/die-boden-meliorationen-in-bayern-und-hannover\/"},"modified":"2026-03-12T00:06:52","modified_gmt":"2026-03-11T23:06:52","slug":"friedrich-adolf-die-boden-meliorationen-in-bayern-und-hannover","status":"publish","type":"product","link":"https:\/\/antiquariat-steinbach.com\/rarebooks\/produkt\/friedrich-adolf-die-boden-meliorationen-in-bayern-und-hannover\/","title":{"rendered":"Friedrich, Adolf: &#8211;  Die Boden-Meliorationen in Bayern und Hannover."},"content":{"rendered":"<p>Wien, Spielhagen &#038; Schurich 1885.<\/p>\n<p>Text- und Tafelband. 31 : 25 cm. 3 Blatt, 155 Seiten 25 meist doppelblattgro\u00dfe teils kolorierte Tafeln. Halbleinenband.<\/p>\n<p>20,00 EUR<\/p>\n","protected":false},"excerpt":{"rendered":"<p>Unter den Tafeln auch Darstellungen von Reservoiranlagen, Kl\u00e4rbasins, Hochdruckleitungen, Stauschleusen, Verbauung von B\u00e4chen u.\u00e4.<\/p>\n","protected":false},"featured_media":27268,"template":"","meta":[],"product_brand":[],"product_cat":[537,111,914],"product_tag":[],"class_list":{"0":"post-2861","1":"product","2":"type-product","3":"status-publish","4":"has-post-thumbnail","6":"product_cat-geologie","7":"product_cat-varia","8":"product_cat-zvab","10":"first","11":"instock","12":"purchasable","13":"product-type-simple"},"_links":{"self":[{"href":"https:\/\/antiquariat-steinbach.com\/rarebooks\/wp-json\/wp\/v2\/product\/2861","targetHints":{"allow":["GET"]}}],"collection":[{"href":"https:\/\/antiquariat-steinbach.com\/rarebooks\/wp-json\/wp\/v2\/product"}],"about":[{"href":"https:\/\/antiquariat-steinbach.com\/rarebooks\/wp-json\/wp\/v2\/types\/product"}],"version-history":[{"count":3,"href":"https:\/\/antiquariat-steinbach.com\/rarebooks\/wp-json\/wp\/v2\/product\/2861\/revisions"}],"predecessor-version":[{"id":19447,"href":"https:\/\/antiquariat-steinbach.com\/rarebooks\/wp-json\/wp\/v2\/product\/2861\/revisions\/19447"}],"wp:featuredmedia":[{"embeddable":true,"href":"https:\/\/antiquariat-steinbach.com\/rarebooks\/wp-json\/wp\/v2\/media\/27268"}],"wp:attachment":[{"href":"https:\/\/antiquariat-steinbach.com\/rarebooks\/wp-json\/wp\/v2\/media?parent=2861"}],"wp:term":[{"taxonomy":"product_brand","embeddable":true,"href":"https:\/\/antiquariat-steinbach.com\/rarebooks\/wp-json\/wp\/v2\/product_brand?post=2861"},{"taxonomy":"product_cat","embeddable":true,"href":"https:\/\/antiquariat-steinbach.com\/rarebooks\/wp-json\/wp\/v2\/product_cat?post=2861"},{"taxonomy":"product_tag","embeddable":true,"href":"https:\/\/antiquariat-steinbach.com\/rarebooks\/wp-json\/wp\/v2\/product_tag?post=2861"}],"curies":[{"name":"wp","href":"https:\/\/api.w.org\/{rel}","templated":true}]}}