{"id":28596,"date":"2026-03-12T00:24:47","date_gmt":"2026-03-11T23:24:47","guid":{"rendered":"https:\/\/antiquariat-steinbach.com\/rarebooks\/produkt\/toros-perea-daniel-a-los-toros\/"},"modified":"2026-03-12T00:24:48","modified_gmt":"2026-03-11T23:24:48","slug":"toros-perea-daniel-a-los-toros","status":"publish","type":"product","link":"https:\/\/antiquariat-steinbach.com\/rarebooks\/produkt\/toros-perea-daniel-a-los-toros\/","title":{"rendered":"Toros &#8211;   Perea, Daniel: &#8211;  A los toros."},"content":{"rendered":"<p>Barcelona, Hermenegildo Miralles 1890<\/p>\n<p>27 : 37 cm. Portadilla, Portada, 28 litografias en color y 4 hojas con musica e ilustraci\u00f3nes de Daniel Perea. Encuadernaci\u00f3n en tela, plano superior preciosamente ilustrado.<\/p>\n<p>750,00 EUR<\/p>\n","protected":false},"excerpt":{"rendered":"<p>La encuadernaci\u00f3n unica muestra un abanico con escenas de toros en rojo, oro y verde, adornado de flores y con el titulo &#8218;A los Toros&#8216; ornamental en oro. Preciosa serie sobre la corrida. Muestra todos los fases importantes de una corrida. Con la musica &#8218;Pan y toros&#8216; una Zarzuela en tres actos, tambien preciosamente ilustrado de Perea. Las cuatro paginas que contienen litografiada la letra y m\u00fasica notada de &#8222;Marcha de la Manoleria&#8220; est\u00e1n decoradas con 23 vi\u00f1etas del artista Daniel Perea en color alusivas al texto, que compuso Francisco Asenjo Barbieri (1823-1894) &#8211;  Un cl\u00e1sico de la bibliograf\u00eda taurina. Raro, apreciado y buscado \u00c1lbum Taurino por la belleza de sus acuarelas. Adem\u00e1s de las 28 acuarelas contiene la m\u00fasica de la Zarzuela Pan y Toros de Barbieri en 4 p\u00e1ginas con figuras y motivos aleg\u00f3ricos en color en los m\u00e1rgenes.  &#8211;  Extremely scarce bullfighting album! With 28 colour aquarelle plates, each 14 by 10 inches, with captioned tissue guards. Plus four pages of music featuring colour illustration decoration. Text of captions in three languages: English, French and Spanish. Fine. Pristine inside. Slight looseness to front hinge. Decorated front board featuring fan, with bull in cameo and flowers and elaborate lettering is bright, unique and gorgeous. &#8211; Una hoja con el texto que viene por cada l\u00e1mina, un poco arrugadas y tambien algunas cintas pegajosas transparente, la primero hoja con el text faltando. &#8211; A pesar de esto un bello ejemplar.-  En esta encuadernaci\u00f3n muy raro. &#8211; Palau VI, 70.<\/p>\n","protected":false},"featured_media":28598,"template":"","meta":[],"product_brand":[],"product_cat":[1074,43,148,874,914],"product_tag":[],"class_list":{"0":"post-28596","1":"product","2":"type-product","3":"status-publish","4":"has-post-thumbnail","6":"product_cat-en-encuadernacion-especial","7":"product_cat-illustrierte-buecher","8":"product_cat-spanien","9":"product_cat-stierkampf","10":"product_cat-zvab","12":"first","13":"instock","14":"purchasable","15":"product-type-simple"},"_links":{"self":[{"href":"https:\/\/antiquariat-steinbach.com\/rarebooks\/wp-json\/wp\/v2\/product\/28596","targetHints":{"allow":["GET"]}}],"collection":[{"href":"https:\/\/antiquariat-steinbach.com\/rarebooks\/wp-json\/wp\/v2\/product"}],"about":[{"href":"https:\/\/antiquariat-steinbach.com\/rarebooks\/wp-json\/wp\/v2\/types\/product"}],"version-history":[{"count":1,"href":"https:\/\/antiquariat-steinbach.com\/rarebooks\/wp-json\/wp\/v2\/product\/28596\/revisions"}],"predecessor-version":[{"id":28597,"href":"https:\/\/antiquariat-steinbach.com\/rarebooks\/wp-json\/wp\/v2\/product\/28596\/revisions\/28597"}],"wp:featuredmedia":[{"embeddable":true,"href":"https:\/\/antiquariat-steinbach.com\/rarebooks\/wp-json\/wp\/v2\/media\/28598"}],"wp:attachment":[{"href":"https:\/\/antiquariat-steinbach.com\/rarebooks\/wp-json\/wp\/v2\/media?parent=28596"}],"wp:term":[{"taxonomy":"product_brand","embeddable":true,"href":"https:\/\/antiquariat-steinbach.com\/rarebooks\/wp-json\/wp\/v2\/product_brand?post=28596"},{"taxonomy":"product_cat","embeddable":true,"href":"https:\/\/antiquariat-steinbach.com\/rarebooks\/wp-json\/wp\/v2\/product_cat?post=28596"},{"taxonomy":"product_tag","embeddable":true,"href":"https:\/\/antiquariat-steinbach.com\/rarebooks\/wp-json\/wp\/v2\/product_tag?post=28596"}],"curies":[{"name":"wp","href":"https:\/\/api.w.org\/{rel}","templated":true}]}}