{"id":28584,"date":"2026-03-12T00:14:57","date_gmt":"2026-03-11T23:14:57","guid":{"rendered":"https:\/\/antiquariat-steinbach.com\/rarebooks\/produkt\/longus-die-liebesgeschichte-von-daphnis-und-chloe\/"},"modified":"2026-03-12T00:14:59","modified_gmt":"2026-03-11T23:14:59","slug":"longus-die-liebesgeschichte-von-daphnis-und-chloe","status":"publish","type":"product","link":"https:\/\/antiquariat-steinbach.com\/rarebooks\/produkt\/longus-die-liebesgeschichte-von-daphnis-und-chloe\/","title":{"rendered":"Longus. &#8211;  Die Liebesgeschichte von Daphnis und Chloe."},"content":{"rendered":"<p>Darmstadt, Ernst Ludwig Presse, 1910.<\/p>\n<p>27 : 18 cm. 167 Seiten, 1 Blatt, mit ornamentaler Titelseite und 4 goldgeh\u00f6hten Initialen Gr\u00fcner Original Lederband, Vorderdeckel reich vergoldet, Titel in Gold auf dem R\u00fccken, Kopfgoldschnitt. (signiert Demeter, Leizig).<\/p>\n<p>180,00 EUR<\/p>\n","protected":false},"excerpt":{"rendered":"<p>Eines von 250 Exemplaren auf Hadernpapier. Das 10. Buch der Ernst Ludwig Presse. &#8211; Vorderer Innendeckel mit kleinem Exlibris, Titelblatt mit kleinem Sammlerstempel, R\u00fccken und teils seitlich ausgeblichen, innen sch\u00f6nes Exemplar. &#8211; St\u00fcrz 10; Rodenberg 75.<\/p>\n","protected":false},"featured_media":28585,"template":"","meta":[],"product_brand":[],"product_cat":[29,152,43,32,46,914],"product_tag":[],"class_list":{"0":"post-28584","1":"product","2":"type-product","3":"status-publish","4":"has-post-thumbnail","6":"product_cat-20-jahrhundert","7":"product_cat-erotica","8":"product_cat-illustrierte-buecher","9":"product_cat-literatur","10":"product_cat-pressendrucke","11":"product_cat-zvab","13":"first","14":"instock","15":"purchasable","16":"product-type-simple"},"_links":{"self":[{"href":"https:\/\/antiquariat-steinbach.com\/rarebooks\/wp-json\/wp\/v2\/product\/28584","targetHints":{"allow":["GET"]}}],"collection":[{"href":"https:\/\/antiquariat-steinbach.com\/rarebooks\/wp-json\/wp\/v2\/product"}],"about":[{"href":"https:\/\/antiquariat-steinbach.com\/rarebooks\/wp-json\/wp\/v2\/types\/product"}],"version-history":[{"count":1,"href":"https:\/\/antiquariat-steinbach.com\/rarebooks\/wp-json\/wp\/v2\/product\/28584\/revisions"}],"predecessor-version":[{"id":28770,"href":"https:\/\/antiquariat-steinbach.com\/rarebooks\/wp-json\/wp\/v2\/product\/28584\/revisions\/28770"}],"wp:featuredmedia":[{"embeddable":true,"href":"https:\/\/antiquariat-steinbach.com\/rarebooks\/wp-json\/wp\/v2\/media\/28585"}],"wp:attachment":[{"href":"https:\/\/antiquariat-steinbach.com\/rarebooks\/wp-json\/wp\/v2\/media?parent=28584"}],"wp:term":[{"taxonomy":"product_brand","embeddable":true,"href":"https:\/\/antiquariat-steinbach.com\/rarebooks\/wp-json\/wp\/v2\/product_brand?post=28584"},{"taxonomy":"product_cat","embeddable":true,"href":"https:\/\/antiquariat-steinbach.com\/rarebooks\/wp-json\/wp\/v2\/product_cat?post=28584"},{"taxonomy":"product_tag","embeddable":true,"href":"https:\/\/antiquariat-steinbach.com\/rarebooks\/wp-json\/wp\/v2\/product_tag?post=28584"}],"curies":[{"name":"wp","href":"https:\/\/api.w.org\/{rel}","templated":true}]}}