{"id":28581,"date":"2026-03-12T00:08:02","date_gmt":"2026-03-11T23:08:02","guid":{"rendered":"https:\/\/antiquariat-steinbach.com\/rarebooks\/produkt\/gastronomie-braun-emmy-meies-pfaelzisches-kochbuch-fuer-die-buergerliche-und-feine-kueche\/"},"modified":"2026-03-12T00:08:03","modified_gmt":"2026-03-11T23:08:03","slug":"gastronomie-braun-emmy-meies-pfaelzisches-kochbuch-fuer-die-buergerliche-und-feine-kueche","status":"publish","type":"product","link":"https:\/\/antiquariat-steinbach.com\/rarebooks\/produkt\/gastronomie-braun-emmy-meies-pfaelzisches-kochbuch-fuer-die-buergerliche-und-feine-kueche\/","title":{"rendered":"Gastronomie &#8211;   Braun, Emmy. &#8211;  Meies Pf\u00e4lzisches Kochbuch f\u00fcr die b\u00fcrgerliche und feine K\u00fcche."},"content":{"rendered":"<p>Gr\u00fcnstadt,  Sch\u00e4ffer, 1875.<\/p>\n<p>2. verbesseerte Auflage. 17 : 11,5 cm. XX, 295 Seiten. Illustrierter Original Leinenband.<\/p>\n<p>95,00 EUR<\/p>\n","protected":false},"excerpt":{"rendered":"<p>Mit hunderten, detaillierten Rezepten f\u00fcr alle Arten von Speisen. &#8211; Papierbedingt etws gebr\u00e4unt.<\/p>\n","protected":false},"featured_media":0,"template":"","meta":[],"product_brand":[],"product_cat":[74,58,112,1071,914],"product_tag":[],"class_list":{"0":"post-28581","1":"product","2":"type-product","3":"status-publish","5":"product_cat-deutschland","6":"product_cat-gastronomie","7":"product_cat-kochbuecher","8":"product_cat-pfalz","9":"product_cat-zvab","11":"first","12":"instock","13":"purchasable","14":"product-type-simple"},"_links":{"self":[{"href":"https:\/\/antiquariat-steinbach.com\/rarebooks\/wp-json\/wp\/v2\/product\/28581","targetHints":{"allow":["GET"]}}],"collection":[{"href":"https:\/\/antiquariat-steinbach.com\/rarebooks\/wp-json\/wp\/v2\/product"}],"about":[{"href":"https:\/\/antiquariat-steinbach.com\/rarebooks\/wp-json\/wp\/v2\/types\/product"}],"version-history":[{"count":1,"href":"https:\/\/antiquariat-steinbach.com\/rarebooks\/wp-json\/wp\/v2\/product\/28581\/revisions"}],"predecessor-version":[{"id":28734,"href":"https:\/\/antiquariat-steinbach.com\/rarebooks\/wp-json\/wp\/v2\/product\/28581\/revisions\/28734"}],"wp:attachment":[{"href":"https:\/\/antiquariat-steinbach.com\/rarebooks\/wp-json\/wp\/v2\/media?parent=28581"}],"wp:term":[{"taxonomy":"product_brand","embeddable":true,"href":"https:\/\/antiquariat-steinbach.com\/rarebooks\/wp-json\/wp\/v2\/product_brand?post=28581"},{"taxonomy":"product_cat","embeddable":true,"href":"https:\/\/antiquariat-steinbach.com\/rarebooks\/wp-json\/wp\/v2\/product_cat?post=28581"},{"taxonomy":"product_tag","embeddable":true,"href":"https:\/\/antiquariat-steinbach.com\/rarebooks\/wp-json\/wp\/v2\/product_tag?post=28581"}],"curies":[{"name":"wp","href":"https:\/\/api.w.org\/{rel}","templated":true}]}}