{"id":2855,"date":"2026-03-12T00:06:51","date_gmt":"2026-03-11T23:06:51","guid":{"rendered":"http:\/\/antiquariat-steinbach.com\/rarebooks\/produkt\/handbuch-der-pathologischen-zeichenlehre\/"},"modified":"2026-03-12T00:06:51","modified_gmt":"2026-03-11T23:06:51","slug":"friedreich-j-b-handbuch-der-pathologischen-zeichenlehre","status":"publish","type":"product","link":"https:\/\/antiquariat-steinbach.com\/rarebooks\/produkt\/friedreich-j-b-handbuch-der-pathologischen-zeichenlehre\/","title":{"rendered":"Friedreich, J.B: &#8211;  Handbuch der pathologischen Zeichenlehre."},"content":{"rendered":"<p>W\u00fcrzburg, Richter 1825.<\/p>\n<p>20,5 : 12,5 cm. VIII, 550 Seiten, 1 Blatt Pappband der Zeit mit R\u00fcckenschild.<\/p>\n<p>150,00 EUR<\/p>\n","protected":false},"excerpt":{"rendered":"<p>Sehr seltene erste Ausgabe. &#8211; Umfangreiches Lehrbuch mit zahlreichen Krankengeschichten und Beschreibungen von Leichen\u00f6ffnungen. &#8211; Johann Baptist Friedreich (1796-1862) aus der W\u00fcrzburger \u00c4rztefamilie, zuletzt Gerichtsarzt und Prof. in Erlangen, ver\u00f6ffentlichte zahlreiche Schriften, vor allem auf dem Gebiet der Psychologie und gerichtlichen Medizin. &#8211; Etwas fleckig bzw. gebr\u00e4unt; Einband etwas berieben. &#8211; Callisen VI, S. 478; vgl. Hirsch\/H. II, 624 (nicht dieses Werk).<\/p>\n","protected":false},"featured_media":0,"template":"","meta":[],"product_brand":[],"product_cat":[179,341,914],"product_tag":[],"class_list":{"0":"post-2855","1":"product","2":"type-product","3":"status-publish","5":"product_cat-medizin","6":"product_cat-zeichnen","7":"product_cat-zvab","9":"first","10":"instock","11":"purchasable","12":"product-type-simple"},"_links":{"self":[{"href":"https:\/\/antiquariat-steinbach.com\/rarebooks\/wp-json\/wp\/v2\/product\/2855","targetHints":{"allow":["GET"]}}],"collection":[{"href":"https:\/\/antiquariat-steinbach.com\/rarebooks\/wp-json\/wp\/v2\/product"}],"about":[{"href":"https:\/\/antiquariat-steinbach.com\/rarebooks\/wp-json\/wp\/v2\/types\/product"}],"version-history":[{"count":3,"href":"https:\/\/antiquariat-steinbach.com\/rarebooks\/wp-json\/wp\/v2\/product\/2855\/revisions"}],"predecessor-version":[{"id":19444,"href":"https:\/\/antiquariat-steinbach.com\/rarebooks\/wp-json\/wp\/v2\/product\/2855\/revisions\/19444"}],"wp:attachment":[{"href":"https:\/\/antiquariat-steinbach.com\/rarebooks\/wp-json\/wp\/v2\/media?parent=2855"}],"wp:term":[{"taxonomy":"product_brand","embeddable":true,"href":"https:\/\/antiquariat-steinbach.com\/rarebooks\/wp-json\/wp\/v2\/product_brand?post=2855"},{"taxonomy":"product_cat","embeddable":true,"href":"https:\/\/antiquariat-steinbach.com\/rarebooks\/wp-json\/wp\/v2\/product_cat?post=2855"},{"taxonomy":"product_tag","embeddable":true,"href":"https:\/\/antiquariat-steinbach.com\/rarebooks\/wp-json\/wp\/v2\/product_tag?post=2855"}],"curies":[{"name":"wp","href":"https:\/\/api.w.org\/{rel}","templated":true}]}}