{"id":28521,"date":"2026-03-12T00:16:13","date_gmt":"2026-03-11T23:16:13","guid":{"rendered":"https:\/\/antiquariat-steinbach.com\/rarebooks\/produkt\/manuscript-leaf-clementine\/"},"modified":"2026-03-12T00:16:13","modified_gmt":"2026-03-11T23:16:13","slug":"manuscript-leaf-clementine","status":"publish","type":"product","link":"https:\/\/antiquariat-steinbach.com\/rarebooks\/produkt\/manuscript-leaf-clementine\/","title":{"rendered":"Manuscript leaf &#8211;   Clementine."},"content":{"rendered":"<p>ca. 1480.<\/p>\n<p>44 : 29 cm. One leaf with 11 lines handwritten.<\/p>\n<p>100,00 EUR<\/p>\n","protected":false},"excerpt":{"rendered":"<p>\u2020 um 304 (?) 1 in K\u00f6ln in Nordrhein-Westfalen. Altar mit vielen Reliquien in der \u201eGoldenen Kammer\u201d in der Ursula-Kirche in K\u00f6ln. Clementine befand sich unter den Gef\u00e4hrtinnen der Ursula. Die Reliquien von Clementine und die von Gef\u00e4hrtinnen werden in Modena.<\/p>\n","protected":false},"featured_media":28522,"template":"","meta":[],"product_brand":[],"product_cat":[260,147,914],"product_tag":[],"class_list":{"0":"post-28521","1":"product","2":"type-product","3":"status-publish","4":"has-post-thumbnail","6":"product_cat-alte-drucke","7":"product_cat-manuskripte","8":"product_cat-zvab","10":"first","11":"instock","12":"purchasable","13":"product-type-simple"},"_links":{"self":[{"href":"https:\/\/antiquariat-steinbach.com\/rarebooks\/wp-json\/wp\/v2\/product\/28521","targetHints":{"allow":["GET"]}}],"collection":[{"href":"https:\/\/antiquariat-steinbach.com\/rarebooks\/wp-json\/wp\/v2\/product"}],"about":[{"href":"https:\/\/antiquariat-steinbach.com\/rarebooks\/wp-json\/wp\/v2\/types\/product"}],"version-history":[{"count":1,"href":"https:\/\/antiquariat-steinbach.com\/rarebooks\/wp-json\/wp\/v2\/product\/28521\/revisions"}],"predecessor-version":[{"id":28771,"href":"https:\/\/antiquariat-steinbach.com\/rarebooks\/wp-json\/wp\/v2\/product\/28521\/revisions\/28771"}],"wp:featuredmedia":[{"embeddable":true,"href":"https:\/\/antiquariat-steinbach.com\/rarebooks\/wp-json\/wp\/v2\/media\/28522"}],"wp:attachment":[{"href":"https:\/\/antiquariat-steinbach.com\/rarebooks\/wp-json\/wp\/v2\/media?parent=28521"}],"wp:term":[{"taxonomy":"product_brand","embeddable":true,"href":"https:\/\/antiquariat-steinbach.com\/rarebooks\/wp-json\/wp\/v2\/product_brand?post=28521"},{"taxonomy":"product_cat","embeddable":true,"href":"https:\/\/antiquariat-steinbach.com\/rarebooks\/wp-json\/wp\/v2\/product_cat?post=28521"},{"taxonomy":"product_tag","embeddable":true,"href":"https:\/\/antiquariat-steinbach.com\/rarebooks\/wp-json\/wp\/v2\/product_tag?post=28521"}],"curies":[{"name":"wp","href":"https:\/\/api.w.org\/{rel}","templated":true}]}}