{"id":2851,"date":"2026-03-12T00:06:51","date_gmt":"2026-03-11T23:06:51","guid":{"rendered":"http:\/\/antiquariat-steinbach.com\/rarebooks\/produkt\/das-schloss-friedland-in-boehmen-und-die-monumente-in-der-friedlaender-stadtkirche\/"},"modified":"2026-03-12T00:06:51","modified_gmt":"2026-03-11T23:06:51","slug":"friedland-nemethy-franz-das-schloss-friedland-in-boehmen-und-die-monumente-in-der-friedlaender-stadtkirche","status":"publish","type":"product","link":"https:\/\/antiquariat-steinbach.com\/rarebooks\/produkt\/friedland-nemethy-franz-das-schloss-friedland-in-boehmen-und-die-monumente-in-der-friedlaender-stadtkirche\/","title":{"rendered":"Friedland &#8211;   Nemethy, Franz. &#8211;  Das Schlo\u00df Friedland in B\u00f6hmen, und die Monumente in der Friedl\u00e4nder Stadtkirche;"},"content":{"rendered":"<p>Prag, Haase,  1818.<\/p>\n<p>20 : 13 cm. 2 Blatt, 1832 Seiten, 1 Blatt, 5 Kupfertafeln und 30 Faksimile-Unterschriften auf 8 Tafeln. Interims-Umschlag der Zeit.<\/p>\n<p>150,00 EUR<\/p>\n","protected":false},"excerpt":{"rendered":"<p>Erste Ausgabe, selten. &#8211; Druchgehend, papierbedingt gebr\u00e4unt, teils fleckig, unbeschnitten.<\/p>\n","protected":false},"featured_media":0,"template":"","meta":[],"product_brand":[],"product_cat":[303,189,59,914],"product_tag":[],"class_list":{"0":"post-2851","1":"product","2":"type-product","3":"status-publish","5":"product_cat-boehmen","6":"product_cat-genealogie","7":"product_cat-kulturgeschichte","8":"product_cat-zvab","10":"first","11":"instock","12":"purchasable","13":"product-type-simple"},"_links":{"self":[{"href":"https:\/\/antiquariat-steinbach.com\/rarebooks\/wp-json\/wp\/v2\/product\/2851","targetHints":{"allow":["GET"]}}],"collection":[{"href":"https:\/\/antiquariat-steinbach.com\/rarebooks\/wp-json\/wp\/v2\/product"}],"about":[{"href":"https:\/\/antiquariat-steinbach.com\/rarebooks\/wp-json\/wp\/v2\/types\/product"}],"version-history":[{"count":3,"href":"https:\/\/antiquariat-steinbach.com\/rarebooks\/wp-json\/wp\/v2\/product\/2851\/revisions"}],"predecessor-version":[{"id":19443,"href":"https:\/\/antiquariat-steinbach.com\/rarebooks\/wp-json\/wp\/v2\/product\/2851\/revisions\/19443"}],"wp:attachment":[{"href":"https:\/\/antiquariat-steinbach.com\/rarebooks\/wp-json\/wp\/v2\/media?parent=2851"}],"wp:term":[{"taxonomy":"product_brand","embeddable":true,"href":"https:\/\/antiquariat-steinbach.com\/rarebooks\/wp-json\/wp\/v2\/product_brand?post=2851"},{"taxonomy":"product_cat","embeddable":true,"href":"https:\/\/antiquariat-steinbach.com\/rarebooks\/wp-json\/wp\/v2\/product_cat?post=2851"},{"taxonomy":"product_tag","embeddable":true,"href":"https:\/\/antiquariat-steinbach.com\/rarebooks\/wp-json\/wp\/v2\/product_tag?post=2851"}],"curies":[{"name":"wp","href":"https:\/\/api.w.org\/{rel}","templated":true}]}}