{"id":28505,"date":"2026-03-12T00:18:54","date_gmt":"2026-03-11T23:18:54","guid":{"rendered":"https:\/\/antiquariat-steinbach.com\/rarebooks\/produkt\/plan-cirrcular-para-una-escuela-planes-de-trabjo-horario-distribucion-del-tiempo-y-del-trabajo-manuscrito-en-espanol\/"},"modified":"2026-03-12T00:18:54","modified_gmt":"2026-03-11T23:18:54","slug":"plan-cirrcular-para-una-escuela-planes-de-trabajo-horario-distribucion-del-tiempo-y-del-trabajo-manuscrito-en-espanol","status":"publish","type":"product","link":"https:\/\/antiquariat-steinbach.com\/rarebooks\/produkt\/plan-cirrcular-para-una-escuela-planes-de-trabajo-horario-distribucion-del-tiempo-y-del-trabajo-manuscrito-en-espanol\/","title":{"rendered":"Plan cirrcular para una escuela &#8211;   Planes de trabajo. Horario. Distribuci\u00f3n del Tiempo y del Trabajo. Manuscrito en Espa\u00f1ol."},"content":{"rendered":"<p>Palma de Mallorca, 1935 &#8211; 1936.<\/p>\n<p>24 : 23 cm. Aprox. 300 hojasescritas a mano con abundantes dibujos a pluma. Media piel de epoca.<\/p>\n<p>450,00 EUR<\/p>\n","protected":false},"excerpt":{"rendered":"<p>Excepcional amplio manuscrito de un plano de trabajo para una escuela en Palma de Mallorca. El manuscriot commienca el uno de octubre de 1935 y esta dividido en las clases de ma\u00f1ana y tarde, explicando lo que hay que ense\u00f1ar cada hora muy detallado. Enriquecido de dibujos a pluma correspondiente a lo que hay que ense\u00f1ar. De historia, medicina, geografia, matematica, arquitectura, botanica, musica etc. etc. En la ultima pagina  firmado Palma de Mallorca, 31 mayo 1936 Antonio Ponsello (?). &#8211; Bordes rozados. &#8211; Interesante manuscrito que da una idea cincreta, como el ensayo funcionaba en esta epoca.<\/p>\n","protected":false},"featured_media":28535,"template":"","meta":[],"product_brand":[],"product_cat":[147,182,148,914],"product_tag":[],"class_list":{"0":"post-28505","1":"product","2":"type-product","3":"status-publish","4":"has-post-thumbnail","6":"product_cat-manuskripte","7":"product_cat-paedagogik","8":"product_cat-spanien","9":"product_cat-zvab","11":"first","12":"instock","13":"purchasable","14":"product-type-simple"},"_links":{"self":[{"href":"https:\/\/antiquariat-steinbach.com\/rarebooks\/wp-json\/wp\/v2\/product\/28505","targetHints":{"allow":["GET"]}}],"collection":[{"href":"https:\/\/antiquariat-steinbach.com\/rarebooks\/wp-json\/wp\/v2\/product"}],"about":[{"href":"https:\/\/antiquariat-steinbach.com\/rarebooks\/wp-json\/wp\/v2\/types\/product"}],"version-history":[{"count":1,"href":"https:\/\/antiquariat-steinbach.com\/rarebooks\/wp-json\/wp\/v2\/product\/28505\/revisions"}],"predecessor-version":[{"id":28534,"href":"https:\/\/antiquariat-steinbach.com\/rarebooks\/wp-json\/wp\/v2\/product\/28505\/revisions\/28534"}],"wp:featuredmedia":[{"embeddable":true,"href":"https:\/\/antiquariat-steinbach.com\/rarebooks\/wp-json\/wp\/v2\/media\/28535"}],"wp:attachment":[{"href":"https:\/\/antiquariat-steinbach.com\/rarebooks\/wp-json\/wp\/v2\/media?parent=28505"}],"wp:term":[{"taxonomy":"product_brand","embeddable":true,"href":"https:\/\/antiquariat-steinbach.com\/rarebooks\/wp-json\/wp\/v2\/product_brand?post=28505"},{"taxonomy":"product_cat","embeddable":true,"href":"https:\/\/antiquariat-steinbach.com\/rarebooks\/wp-json\/wp\/v2\/product_cat?post=28505"},{"taxonomy":"product_tag","embeddable":true,"href":"https:\/\/antiquariat-steinbach.com\/rarebooks\/wp-json\/wp\/v2\/product_tag?post=28505"}],"curies":[{"name":"wp","href":"https:\/\/api.w.org\/{rel}","templated":true}]}}