{"id":28488,"date":"2026-03-12T00:22:43","date_gmt":"2026-03-11T23:22:43","guid":{"rendered":"https:\/\/antiquariat-steinbach.com\/rarebooks\/produkt\/senn-s-neueste-und-beste-gemuese-kueche-enthaltend-160-kochrezepte-fuer-saemtliche-garten-und-feldgemuese\/"},"modified":"2026-03-12T00:22:45","modified_gmt":"2026-03-11T23:22:45","slug":"senn-s-neueste-und-beste-gemuese-kueche-enthaltend-160-kochrezepte-fuer-saemtliche-garten-und-feldgemuese","status":"publish","type":"product","link":"https:\/\/antiquariat-steinbach.com\/rarebooks\/produkt\/senn-s-neueste-und-beste-gemuese-kueche-enthaltend-160-kochrezepte-fuer-saemtliche-garten-und-feldgemuese\/","title":{"rendered":"Senn, S. &#8211;  Neueste und beste Gem\u00fcse-K\u00fcche enthaltend 160 Kochrezepte f\u00fcr s\u00e4mtliche Garten- und Feldgem\u00fcse."},"content":{"rendered":"<p>Z\u00fcrich, Speidel &#038; Wurzel, 1917.<\/p>\n<p>18 : 12 cm. 103 Seiten. Original Umschlag.<\/p>\n<p>35,00 EUR<\/p>\n","protected":false},"excerpt":{"rendered":"<p>Die Verfasserin war Chefk\u00f6chin im Grand Hotel Ragaz in Z\u00fcrich. &#8211; &#8218;Den ehutigen Zeitverh\u00e4ltnissen angepa\u00dft&#8216;.<\/p>\n","protected":false},"featured_media":28550,"template":"","meta":[],"product_brand":[],"product_cat":[58,112,914],"product_tag":[],"class_list":{"0":"post-28488","1":"product","2":"type-product","3":"status-publish","4":"has-post-thumbnail","6":"product_cat-gastronomie","7":"product_cat-kochbuecher","8":"product_cat-zvab","10":"first","11":"instock","12":"purchasable","13":"product-type-simple"},"_links":{"self":[{"href":"https:\/\/antiquariat-steinbach.com\/rarebooks\/wp-json\/wp\/v2\/product\/28488","targetHints":{"allow":["GET"]}}],"collection":[{"href":"https:\/\/antiquariat-steinbach.com\/rarebooks\/wp-json\/wp\/v2\/product"}],"about":[{"href":"https:\/\/antiquariat-steinbach.com\/rarebooks\/wp-json\/wp\/v2\/types\/product"}],"version-history":[{"count":1,"href":"https:\/\/antiquariat-steinbach.com\/rarebooks\/wp-json\/wp\/v2\/product\/28488\/revisions"}],"predecessor-version":[{"id":28549,"href":"https:\/\/antiquariat-steinbach.com\/rarebooks\/wp-json\/wp\/v2\/product\/28488\/revisions\/28549"}],"wp:featuredmedia":[{"embeddable":true,"href":"https:\/\/antiquariat-steinbach.com\/rarebooks\/wp-json\/wp\/v2\/media\/28550"}],"wp:attachment":[{"href":"https:\/\/antiquariat-steinbach.com\/rarebooks\/wp-json\/wp\/v2\/media?parent=28488"}],"wp:term":[{"taxonomy":"product_brand","embeddable":true,"href":"https:\/\/antiquariat-steinbach.com\/rarebooks\/wp-json\/wp\/v2\/product_brand?post=28488"},{"taxonomy":"product_cat","embeddable":true,"href":"https:\/\/antiquariat-steinbach.com\/rarebooks\/wp-json\/wp\/v2\/product_cat?post=28488"},{"taxonomy":"product_tag","embeddable":true,"href":"https:\/\/antiquariat-steinbach.com\/rarebooks\/wp-json\/wp\/v2\/product_tag?post=28488"}],"curies":[{"name":"wp","href":"https:\/\/api.w.org\/{rel}","templated":true}]}}