{"id":28487,"date":"2026-03-12T00:22:20","date_gmt":"2026-03-11T23:22:20","guid":{"rendered":"https:\/\/antiquariat-steinbach.com\/rarebooks\/produkt\/schoeffel-walter-eiweissarme-kost-bei-hohem-blutdruck-adernverkalkung-rheuma-gicht-ischias-nervositaet-nieren-und-gallensteinen-erkaeltungen-u-katarrhen-asthma-migraene\/"},"modified":"2026-03-12T00:22:20","modified_gmt":"2026-03-11T23:22:20","slug":"schoeffel-walter-eiweissarme-kost-bei-hohem-blutdruck-adernverkalkung-rheuma-gicht-ischias-nervositaet-nieren-und-gallensteinen-erkaeltungen-u-katarrhen-asthma-migraene","status":"publish","type":"product","link":"https:\/\/antiquariat-steinbach.com\/rarebooks\/produkt\/schoeffel-walter-eiweissarme-kost-bei-hohem-blutdruck-adernverkalkung-rheuma-gicht-ischias-nervositaet-nieren-und-gallensteinen-erkaeltungen-u-katarrhen-asthma-migraene\/","title":{"rendered":"Sch\u00f6ffel, Walter. &#8211;  Eiwei\u00dfarme Kost bei hohem Blutdruck, Adernverkalkung, Rheuma, Gicht, Ischias, Nervosit\u00e4t, Nieren- und Gallensteinen, Erk\u00e4ltungen u. Katarrhen, Asthma, Migr\u00e4ne."},"content":{"rendered":"<p>Leipzig,  Meyer,  1940.<\/p>\n<p>23,5 : 16,5 cm. 48 Seiten. Original Karton.<\/p>\n<p>25,00 EUR<\/p>\n","protected":false},"excerpt":{"rendered":"<p>Leipzig, Meyer, 1940. 23,5 : 16,5 cm. 48 Seiten. Original Karton. 25,00 EUR<\/p>\n","protected":false},"featured_media":28548,"template":"","meta":[],"product_brand":[],"product_cat":[58,112,179,914],"product_tag":[],"class_list":{"0":"post-28487","1":"product","2":"type-product","3":"status-publish","4":"has-post-thumbnail","6":"product_cat-gastronomie","7":"product_cat-kochbuecher","8":"product_cat-medizin","9":"product_cat-zvab","11":"first","12":"instock","13":"purchasable","14":"product-type-simple"},"_links":{"self":[{"href":"https:\/\/antiquariat-steinbach.com\/rarebooks\/wp-json\/wp\/v2\/product\/28487","targetHints":{"allow":["GET"]}}],"collection":[{"href":"https:\/\/antiquariat-steinbach.com\/rarebooks\/wp-json\/wp\/v2\/product"}],"about":[{"href":"https:\/\/antiquariat-steinbach.com\/rarebooks\/wp-json\/wp\/v2\/types\/product"}],"version-history":[{"count":1,"href":"https:\/\/antiquariat-steinbach.com\/rarebooks\/wp-json\/wp\/v2\/product\/28487\/revisions"}],"predecessor-version":[{"id":28547,"href":"https:\/\/antiquariat-steinbach.com\/rarebooks\/wp-json\/wp\/v2\/product\/28487\/revisions\/28547"}],"wp:featuredmedia":[{"embeddable":true,"href":"https:\/\/antiquariat-steinbach.com\/rarebooks\/wp-json\/wp\/v2\/media\/28548"}],"wp:attachment":[{"href":"https:\/\/antiquariat-steinbach.com\/rarebooks\/wp-json\/wp\/v2\/media?parent=28487"}],"wp:term":[{"taxonomy":"product_brand","embeddable":true,"href":"https:\/\/antiquariat-steinbach.com\/rarebooks\/wp-json\/wp\/v2\/product_brand?post=28487"},{"taxonomy":"product_cat","embeddable":true,"href":"https:\/\/antiquariat-steinbach.com\/rarebooks\/wp-json\/wp\/v2\/product_cat?post=28487"},{"taxonomy":"product_tag","embeddable":true,"href":"https:\/\/antiquariat-steinbach.com\/rarebooks\/wp-json\/wp\/v2\/product_tag?post=28487"}],"curies":[{"name":"wp","href":"https:\/\/api.w.org\/{rel}","templated":true}]}}