{"id":28471,"date":"2026-03-12T00:14:42","date_gmt":"2026-03-11T23:14:42","guid":{"rendered":"https:\/\/antiquariat-steinbach.com\/rarebooks\/produkt\/literatur-auerbach-berthold-schriften\/"},"modified":"2026-03-12T00:14:42","modified_gmt":"2026-03-11T23:14:42","slug":"literatur-auerbach-berthold-schriften","status":"publish","type":"product","link":"https:\/\/antiquariat-steinbach.com\/rarebooks\/produkt\/literatur-auerbach-berthold-schriften\/","title":{"rendered":"Literatur &#8211;   Auerbach, Berthold: &#8211;  Schriften."},"content":{"rendered":"<p>Stuttgart, Cotta um 1895.<\/p>\n<p>14 Teile in 7 B\u00e4nden. 18,5 : 12,5 cm. Mit 1 Portr\u00e4t. Farbig illustrierte Original-Leinenb\u00e4nde.<\/p>\n<p>120,00 EUR<\/p>\n","protected":false},"excerpt":{"rendered":"<p>Enth\u00e4lt: Band 1 &#8211; 4: Auf der H\u00f6he; Band 5 &#8211;  8): Das Landhaus am Rhein; Band 9 &#8211; 18 (ohne Bd. 11 &#8211; 12): Schwarzw\u00e4lder Dorfgeschichten. &#8211; Dekorativ gebundene Reihe. &#8211; Goed. N.F. I, 523, 852.<\/p>\n","protected":false},"featured_media":28472,"template":"","meta":[],"product_brand":[],"product_cat":[340,32,914],"product_tag":[],"class_list":{"0":"post-28471","1":"product","2":"type-product","3":"status-publish","4":"has-post-thumbnail","6":"product_cat-binding-buchbinderei","7":"product_cat-literatur","8":"product_cat-zvab","10":"first","11":"instock","12":"purchasable","13":"product-type-simple"},"_links":{"self":[{"href":"https:\/\/antiquariat-steinbach.com\/rarebooks\/wp-json\/wp\/v2\/product\/28471","targetHints":{"allow":["GET"]}}],"collection":[{"href":"https:\/\/antiquariat-steinbach.com\/rarebooks\/wp-json\/wp\/v2\/product"}],"about":[{"href":"https:\/\/antiquariat-steinbach.com\/rarebooks\/wp-json\/wp\/v2\/types\/product"}],"version-history":[{"count":1,"href":"https:\/\/antiquariat-steinbach.com\/rarebooks\/wp-json\/wp\/v2\/product\/28471\/revisions"}],"predecessor-version":[{"id":28766,"href":"https:\/\/antiquariat-steinbach.com\/rarebooks\/wp-json\/wp\/v2\/product\/28471\/revisions\/28766"}],"wp:featuredmedia":[{"embeddable":true,"href":"https:\/\/antiquariat-steinbach.com\/rarebooks\/wp-json\/wp\/v2\/media\/28472"}],"wp:attachment":[{"href":"https:\/\/antiquariat-steinbach.com\/rarebooks\/wp-json\/wp\/v2\/media?parent=28471"}],"wp:term":[{"taxonomy":"product_brand","embeddable":true,"href":"https:\/\/antiquariat-steinbach.com\/rarebooks\/wp-json\/wp\/v2\/product_brand?post=28471"},{"taxonomy":"product_cat","embeddable":true,"href":"https:\/\/antiquariat-steinbach.com\/rarebooks\/wp-json\/wp\/v2\/product_cat?post=28471"},{"taxonomy":"product_tag","embeddable":true,"href":"https:\/\/antiquariat-steinbach.com\/rarebooks\/wp-json\/wp\/v2\/product_tag?post=28471"}],"curies":[{"name":"wp","href":"https:\/\/api.w.org\/{rel}","templated":true}]}}