{"id":2843,"date":"2026-03-12T00:24:37","date_gmt":"2026-03-11T23:24:37","guid":{"rendered":"http:\/\/antiquariat-steinbach.com\/rarebooks\/produkt\/symbolik-der-mosaiischen-stiftshuette\/"},"modified":"2026-03-12T00:24:37","modified_gmt":"2026-03-11T23:24:37","slug":"theologie-friederich-ferdinand-symbolik-der-mosaiischen-stiftshuette","status":"publish","type":"product","link":"https:\/\/antiquariat-steinbach.com\/rarebooks\/produkt\/theologie-friederich-ferdinand-symbolik-der-mosaiischen-stiftshuette\/","title":{"rendered":"Theologie &#8211;   Friederich, Ferdinand: &#8211;  Symbolik der Mosaiischen Stiftsh\u00fctte."},"content":{"rendered":"<p>Leipzig, Wigand 1841.<\/p>\n<p>22 : 13,5 cm. 369, VI Seiten mit 23 lithographierten Tafeln. Sp\u00e4terer Leinenband.<\/p>\n<p>150,00 EUR<\/p>\n","protected":false},"excerpt":{"rendered":"<p>Ausf\u00fchrliche Streitschrift \u00fcber die Deutung des &#8218;Heiligen Zelt Israels&#8216; zur Zeit der W\u00fcstenwanderung. Die Tafeln mit detaillierten Erkl\u00e4rungen der einzelnen Symbole.<\/p>\n","protected":false},"featured_media":26144,"template":"","meta":[],"product_brand":[],"product_cat":[349,59,914],"product_tag":[],"class_list":{"0":"post-2843","1":"product","2":"type-product","3":"status-publish","4":"has-post-thumbnail","6":"product_cat-freimaurerei","7":"product_cat-kulturgeschichte","8":"product_cat-zvab","10":"first","11":"instock","12":"purchasable","13":"product-type-simple"},"_links":{"self":[{"href":"https:\/\/antiquariat-steinbach.com\/rarebooks\/wp-json\/wp\/v2\/product\/2843","targetHints":{"allow":["GET"]}}],"collection":[{"href":"https:\/\/antiquariat-steinbach.com\/rarebooks\/wp-json\/wp\/v2\/product"}],"about":[{"href":"https:\/\/antiquariat-steinbach.com\/rarebooks\/wp-json\/wp\/v2\/types\/product"}],"version-history":[{"count":4,"href":"https:\/\/antiquariat-steinbach.com\/rarebooks\/wp-json\/wp\/v2\/product\/2843\/revisions"}],"predecessor-version":[{"id":23783,"href":"https:\/\/antiquariat-steinbach.com\/rarebooks\/wp-json\/wp\/v2\/product\/2843\/revisions\/23783"}],"wp:featuredmedia":[{"embeddable":true,"href":"https:\/\/antiquariat-steinbach.com\/rarebooks\/wp-json\/wp\/v2\/media\/26144"}],"wp:attachment":[{"href":"https:\/\/antiquariat-steinbach.com\/rarebooks\/wp-json\/wp\/v2\/media?parent=2843"}],"wp:term":[{"taxonomy":"product_brand","embeddable":true,"href":"https:\/\/antiquariat-steinbach.com\/rarebooks\/wp-json\/wp\/v2\/product_brand?post=2843"},{"taxonomy":"product_cat","embeddable":true,"href":"https:\/\/antiquariat-steinbach.com\/rarebooks\/wp-json\/wp\/v2\/product_cat?post=2843"},{"taxonomy":"product_tag","embeddable":true,"href":"https:\/\/antiquariat-steinbach.com\/rarebooks\/wp-json\/wp\/v2\/product_tag?post=2843"}],"curies":[{"name":"wp","href":"https:\/\/api.w.org\/{rel}","templated":true}]}}