{"id":28420,"date":"2026-03-12T00:24:58","date_gmt":"2026-03-11T23:24:58","guid":{"rendered":"https:\/\/antiquariat-steinbach.com\/rarebooks\/produkt\/v-theater-weltner-albert-josef-alois-przistaupinsky-und-ferdinand-graf-das-kaiserlich-koenigliche-hof-operntheater-in-wien-statistischer-rueckblick-auf-die-personal-verhaeltnisse-und-die\/"},"modified":"2026-03-12T00:24:59","modified_gmt":"2026-03-11T23:24:59","slug":"v-theater-weltner-albert-josef-alois-przistaupinsky-und-ferdinand-graf-das-kaiserlich-koenigliche-hof-operntheater-in-wien-statistischer-rueckblick-auf-die-personal-verhaeltnisse-und-die","status":"publish","type":"product","link":"https:\/\/antiquariat-steinbach.com\/rarebooks\/produkt\/v-theater-weltner-albert-josef-alois-przistaupinsky-und-ferdinand-graf-das-kaiserlich-koenigliche-hof-operntheater-in-wien-statistischer-rueckblick-auf-die-personal-verhaeltnisse-und-die\/","title":{"rendered":"V &#8211; Theater &#8211;   Weltner, Albert Josef, Alois Przistaupinsky und Ferdinand Graf. &#8211;  Das kaiserlich-k\u00f6nigliche Hof-Operntheater in Wien. Statistischer R\u00fcckblick auf die Personal-Verh\u00e4ltnisse und die k\u00fcnstlerische Th\u00e4tigkeit w\u00e4hrend des Zeitraums von 25. Mai 1860 bis 30. April 1894"},"content":{"rendered":"<p>Wien, K\u00fcnast, 1894<\/p>\n<p>26,5 : 17,5 cm. XXXVIII, 232 Seiten. Pappband, vorderer Original-Umschlag aufgezogen.<\/p>\n<p>80,00 EUR<\/p>\n","protected":false},"excerpt":{"rendered":"<p>Enth\u00e4lt eine Beschreibung des Hauses, seine General-Intendanten, die Direktion des k.k. Hof-Operntheaters, artistische und technische Vorst\u00e4nde, Hilfspersonal, G\u00e4ste, engagierte Mitglieder, Autoren etc. &#8211; Neu aufgebunden.<\/p>\n","protected":false},"featured_media":28422,"template":"","meta":[],"product_brand":[],"product_cat":[145,90,914],"product_tag":[],"class_list":{"0":"post-28420","1":"product","2":"type-product","3":"status-publish","4":"has-post-thumbnail","6":"product_cat-theater","7":"product_cat-viennensia","8":"product_cat-zvab","10":"first","11":"instock","12":"purchasable","13":"product-type-simple"},"_links":{"self":[{"href":"https:\/\/antiquariat-steinbach.com\/rarebooks\/wp-json\/wp\/v2\/product\/28420","targetHints":{"allow":["GET"]}}],"collection":[{"href":"https:\/\/antiquariat-steinbach.com\/rarebooks\/wp-json\/wp\/v2\/product"}],"about":[{"href":"https:\/\/antiquariat-steinbach.com\/rarebooks\/wp-json\/wp\/v2\/types\/product"}],"version-history":[{"count":1,"href":"https:\/\/antiquariat-steinbach.com\/rarebooks\/wp-json\/wp\/v2\/product\/28420\/revisions"}],"predecessor-version":[{"id":28421,"href":"https:\/\/antiquariat-steinbach.com\/rarebooks\/wp-json\/wp\/v2\/product\/28420\/revisions\/28421"}],"wp:featuredmedia":[{"embeddable":true,"href":"https:\/\/antiquariat-steinbach.com\/rarebooks\/wp-json\/wp\/v2\/media\/28422"}],"wp:attachment":[{"href":"https:\/\/antiquariat-steinbach.com\/rarebooks\/wp-json\/wp\/v2\/media?parent=28420"}],"wp:term":[{"taxonomy":"product_brand","embeddable":true,"href":"https:\/\/antiquariat-steinbach.com\/rarebooks\/wp-json\/wp\/v2\/product_brand?post=28420"},{"taxonomy":"product_cat","embeddable":true,"href":"https:\/\/antiquariat-steinbach.com\/rarebooks\/wp-json\/wp\/v2\/product_cat?post=28420"},{"taxonomy":"product_tag","embeddable":true,"href":"https:\/\/antiquariat-steinbach.com\/rarebooks\/wp-json\/wp\/v2\/product_tag?post=28420"}],"curies":[{"name":"wp","href":"https:\/\/api.w.org\/{rel}","templated":true}]}}